{"id":7510,"date":"2019-04-26T15:49:11","date_gmt":"2019-04-26T18:49:11","guid":{"rendered":"https:\/\/www.avmbianco.com.br\/site\/?post_type=product&#038;p=7510"},"modified":"2025-04-09T09:48:24","modified_gmt":"2025-04-09T12:48:24","slug":"tag-lacres","status":"publish","type":"product","link":"https:\/\/www.avmbianco.com.br\/site\/produto\/tag-lacres\/","title":{"rendered":"Tag Lacres"},"content":{"rendered":"<p>USO: Para pendurar suas Tags\/Etiquetas e assim evitar que elas caiam ou sejam removidas. Para se usar em locais vis\u00edveis de roupas, bolsas, rel\u00f3gios, t\u00eanis, bon\u00e9s e demais itens e acess\u00f3rios de moda, bem como em decora\u00e7\u00f5es, m\u00f3veis e etc. Valoriza suas pe\u00e7as, evidencia sua marca e evita que sua mercadoria seja utilizada e devolvida, pois o lacre s\u00f3 pode ser removido cortando-o ou aplicando for\u00e7a extrema, o que danifica o seu encaixe.<\/p>\n","protected":false},"excerpt":{"rendered":"<p>Tag Lacre 18cm todos os pacotes s\u00e3o com 1000p\u00e7.<\/p>\n<p>LACRE DE AUTENTICIDADE<\/p>\n<p>PARA PENDURAR ETIQUETAS EM<\/p>\n<p>ROUPAS,CAL\u00c7ADOS,BOLSAS,BON\u00c9S,MALAS ENTRE OUTROS.<\/p>\n<p>*Consulte personaliza\u00e7\u00e3o do seu tag.<\/p>\n","protected":false},"featured_media":17178,"comment_status":"open","ping_status":"closed","template":"","meta":[],"product_brand":[],"product_cat":[23,610],"product_tag":[],"class_list":{"0":"post-7510","1":"product","2":"type-product","3":"status-publish","4":"has-post-thumbnail","6":"product_cat-acessorios","7":"product_cat-lacre","9":"first","10":"instock","11":"taxable","12":"shipping-taxable","13":"purchasable","14":"product-type-variable"},"_links":{"self":[{"href":"https:\/\/www.avmbianco.com.br\/site\/wp-json\/wp\/v2\/product\/7510","targetHints":{"allow":["GET"]}}],"collection":[{"href":"https:\/\/www.avmbianco.com.br\/site\/wp-json\/wp\/v2\/product"}],"about":[{"href":"https:\/\/www.avmbianco.com.br\/site\/wp-json\/wp\/v2\/types\/product"}],"replies":[{"embeddable":true,"href":"https:\/\/www.avmbianco.com.br\/site\/wp-json\/wp\/v2\/comments?post=7510"}],"wp:featuredmedia":[{"embeddable":true,"href":"https:\/\/www.avmbianco.com.br\/site\/wp-json\/wp\/v2\/media\/17178"}],"wp:attachment":[{"href":"https:\/\/www.avmbianco.com.br\/site\/wp-json\/wp\/v2\/media?parent=7510"}],"wp:term":[{"taxonomy":"product_brand","embeddable":true,"href":"https:\/\/www.avmbianco.com.br\/site\/wp-json\/wp\/v2\/product_brand?post=7510"},{"taxonomy":"product_cat","embeddable":true,"href":"https:\/\/www.avmbianco.com.br\/site\/wp-json\/wp\/v2\/product_cat?post=7510"},{"taxonomy":"product_tag","embeddable":true,"href":"https:\/\/www.avmbianco.com.br\/site\/wp-json\/wp\/v2\/product_tag?post=7510"}],"curies":[{"name":"wp","href":"https:\/\/api.w.org\/{rel}","templated":true}]}}