{"id":7990,"date":"2019-06-04T10:04:29","date_gmt":"2019-06-04T13:04:29","guid":{"rendered":"https:\/\/www.avmbianco.com.br\/site\/?post_type=product&#038;p=7990"},"modified":"2019-06-04T12:21:43","modified_gmt":"2019-06-04T15:21:43","slug":"guardanapo-patchwork","status":"publish","type":"product","link":"https:\/\/www.avmbianco.com.br\/site\/produto\/guardanapo-patchwork\/","title":{"rendered":"Guardanapo Patchwork"},"content":{"rendered":"","protected":false},"excerpt":{"rendered":"<div id=\"descricao\" class=\"descricao\">Ideal para almo\u00e7os, jantares, caf\u00e9s, ch\u00e1s de tarde, seja qual for a ocasi\u00e3o os Guardanapos Patchwork deixar\u00e3o a sua mesa impec\u00e1vel. Al\u00e9m de uma bela estampa o produto oferece \u00f3tima qualidade.<\/div>\n<div class=\"descricao\"><\/div>\n<div class=\"descricao\">-Folha dupla<\/div>\n<div class=\"descricao\">-Excelente qualidade<\/div>\n<div class=\"descricao\">-Dimens\u00f5es (A x L): 33 x 33 cm<\/div>\n<div class=\"descricao\">-Pacote com 40 folhas<\/div>\n<div class=\"descricao\">\u00a0 \u00a0 \u00a0 \u00a0 \u00a0 \u00a0 \u00a0 \u00a0 \u00a0 \u00a0 \u00a0 \u00a0 \u00a0 \u00a0 \u00a0 \u00a0 \u00a0 \u00a0 \u00a0 \u00a0 \u00a0 \u00a0 \u00a0 \u00a0 \u00a0 \u00a0 \u00a0 \u00a0 *Varias estampas &#8211; Consulte-nos*<\/div>\n","protected":false},"featured_media":7972,"comment_status":"open","ping_status":"closed","template":"","meta":[],"product_brand":[],"product_cat":[23,698],"product_tag":[],"class_list":{"0":"post-7990","1":"product","2":"type-product","3":"status-publish","4":"has-post-thumbnail","6":"product_cat-acessorios","7":"product_cat-guardanapo","9":"first","10":"instock","11":"taxable","12":"shipping-taxable","13":"purchasable","14":"product-type-simple"},"_links":{"self":[{"href":"https:\/\/www.avmbianco.com.br\/site\/wp-json\/wp\/v2\/product\/7990","targetHints":{"allow":["GET"]}}],"collection":[{"href":"https:\/\/www.avmbianco.com.br\/site\/wp-json\/wp\/v2\/product"}],"about":[{"href":"https:\/\/www.avmbianco.com.br\/site\/wp-json\/wp\/v2\/types\/product"}],"replies":[{"embeddable":true,"href":"https:\/\/www.avmbianco.com.br\/site\/wp-json\/wp\/v2\/comments?post=7990"}],"wp:featuredmedia":[{"embeddable":true,"href":"https:\/\/www.avmbianco.com.br\/site\/wp-json\/wp\/v2\/media\/7972"}],"wp:attachment":[{"href":"https:\/\/www.avmbianco.com.br\/site\/wp-json\/wp\/v2\/media?parent=7990"}],"wp:term":[{"taxonomy":"product_brand","embeddable":true,"href":"https:\/\/www.avmbianco.com.br\/site\/wp-json\/wp\/v2\/product_brand?post=7990"},{"taxonomy":"product_cat","embeddable":true,"href":"https:\/\/www.avmbianco.com.br\/site\/wp-json\/wp\/v2\/product_cat?post=7990"},{"taxonomy":"product_tag","embeddable":true,"href":"https:\/\/www.avmbianco.com.br\/site\/wp-json\/wp\/v2\/product_tag?post=7990"}],"curies":[{"name":"wp","href":"https:\/\/api.w.org\/{rel}","templated":true}]}}