{"id":8048,"date":"2019-06-06T09:25:33","date_gmt":"2019-06-06T12:25:33","guid":{"rendered":"https:\/\/www.avmbianco.com.br\/site\/?post_type=product&#038;p=8048"},"modified":"2020-08-11T08:52:14","modified_gmt":"2020-08-11T11:52:14","slug":"linha-de-crochet-mirella","status":"publish","type":"product","link":"https:\/\/www.avmbianco.com.br\/site\/produto\/linha-de-crochet-mirella\/","title":{"rendered":"Linha de Crochet Mirella"},"content":{"rendered":"","protected":false},"excerpt":{"rendered":"<p>Linha Para Croch\u00ea Coats Mirella Ref.3440<br \/>\nCont\u00e9m:\u00a0 1000 metros<br \/>\nComposi\u00e7\u00e3o: 100% Algod\u00e3o Tex 145<br \/>\nAgulha Recomendada<b>:<\/b>\u00a0Croch\u00ea 1,25mm\u00a0 (espessura fina)<\/p>\n<p>**Consulte Cores Dispon\u00edveis)<\/p>\n<p>Linha Mirella, 100% algod\u00e3o, com tratamento especial para impedir a pilosidade e garantir uma maciez \u00fanica aos trabalhos manuais! Especialmente perfeitos para pe\u00e7as de vestu\u00e1rio, pois possui PH neutro \u2013 e assim, n\u00e3o causa irrita\u00e7\u00e3o ao entrar em contato com a pele.<\/p>\n","protected":false},"featured_media":8039,"comment_status":"open","ping_status":"closed","template":"","meta":[],"product_brand":[],"product_cat":[699],"product_tag":[],"class_list":{"0":"post-8048","1":"product","2":"type-product","3":"status-publish","4":"has-post-thumbnail","6":"product_cat-linha-crochet","8":"first","9":"outofstock","10":"taxable","11":"shipping-taxable","12":"purchasable","13":"product-type-variable"},"_links":{"self":[{"href":"https:\/\/www.avmbianco.com.br\/site\/wp-json\/wp\/v2\/product\/8048","targetHints":{"allow":["GET"]}}],"collection":[{"href":"https:\/\/www.avmbianco.com.br\/site\/wp-json\/wp\/v2\/product"}],"about":[{"href":"https:\/\/www.avmbianco.com.br\/site\/wp-json\/wp\/v2\/types\/product"}],"replies":[{"embeddable":true,"href":"https:\/\/www.avmbianco.com.br\/site\/wp-json\/wp\/v2\/comments?post=8048"}],"wp:featuredmedia":[{"embeddable":true,"href":"https:\/\/www.avmbianco.com.br\/site\/wp-json\/wp\/v2\/media\/8039"}],"wp:attachment":[{"href":"https:\/\/www.avmbianco.com.br\/site\/wp-json\/wp\/v2\/media?parent=8048"}],"wp:term":[{"taxonomy":"product_brand","embeddable":true,"href":"https:\/\/www.avmbianco.com.br\/site\/wp-json\/wp\/v2\/product_brand?post=8048"},{"taxonomy":"product_cat","embeddable":true,"href":"https:\/\/www.avmbianco.com.br\/site\/wp-json\/wp\/v2\/product_cat?post=8048"},{"taxonomy":"product_tag","embeddable":true,"href":"https:\/\/www.avmbianco.com.br\/site\/wp-json\/wp\/v2\/product_tag?post=8048"}],"curies":[{"name":"wp","href":"https:\/\/api.w.org\/{rel}","templated":true}]}}