{"id":8070,"date":"2019-06-06T11:27:40","date_gmt":"2019-06-06T14:27:40","guid":{"rendered":"https:\/\/www.avmbianco.com.br\/site\/?post_type=product&#038;p=8070"},"modified":"2025-04-11T16:06:35","modified_gmt":"2025-04-11T19:06:35","slug":"spray-tira-mancha","status":"publish","type":"product","link":"https:\/\/www.avmbianco.com.br\/site\/produto\/spray-tira-mancha\/","title":{"rendered":"Spray Tira Manchas Para Tecidos"},"content":{"rendered":"<p>Spray Tira Manchas Para Tecidos, r\u00e1pido e eficiente para manchas recentes!<\/p>\n<p>\u00c9 um removedor r\u00e1pido e f\u00e1cil de usar, utilizado em industrias, n\u00e3o deixa manchas nem res\u00edduos.<\/p>\n<p>Remove\u00a0tinta fresca, manchas de \u00f3leo e gordura de roupas, m\u00f3veis e estofados de carro, carpetes, papel de parede, etc.<\/p>\n<p>\u00c9 seguro e eficaz em l\u00e3, algod\u00e3o, seda, veludo, nylon e outros materiais sint\u00e9ticos.<\/p>\n<p>Como usar:<br \/>\n1 \u2013 Agite bem.<br \/>\n2 \u2013 Segure a lata a 20 cm da mancha a ser limpa, aplique o spray na \u00e1rea de fora para dentro.<br \/>\n3 \u2013 Deixe secar at\u00e9 formar um p\u00f3 branco.<br \/>\n4 \u2013 Quando completamente seco: utilize uma escovinha ou passe ar comprimido para tirar o excesso.<br \/>\n5 \u2013 Repita caso necess\u00e1rio, manchas contendo a\u00e7\u00facar de alimentos ou bebidas podem exigir lavagem com \u00e1gua ap\u00f3s o tratamento.<\/p>\n<p>Cuidados:<br \/>\n\u2013 Mantenha longe do alcance de crian\u00e7as e animais dom\u00e9sticos;<br \/>\n\u2013 N\u00e3o ingerir ou respirar o spray;<br \/>\n\u2013 Depois de utilizar, lave bem as m\u00e3os;<br \/>\n\u2013 Evite exposi\u00e7\u00e3o a calor, fagulhas ou fa\u00edscas;<br \/>\n\u2013 Irritante aos olhos, pele e trato respirat\u00f3rio;<br \/>\n\u2013 N\u00e3o perfure ou atire a lata ao fogo, mesmo quando vazia;<br \/>\n\u2013 Mantenha em local seco e longe de luz solar e\/ou calor.<\/p>\n","protected":false},"excerpt":{"rendered":"<p>Removedor de manchas de gordura a seco e outras subst\u00e2ncias que removem artigos de algod\u00e3o, seda, viscose e sint\u00e9ticas.<\/p>\n<p>N\u00e3o deixa anel<\/p>\n<p>Agite bem antes de usar<\/p>\n<p>N\u00e3o clorado<\/p>\n<p>Conte\u00fado: 550ml\/335g<\/p>\n<p>&nbsp;<\/p>\n","protected":false},"featured_media":15675,"comment_status":"open","ping_status":"closed","template":"","meta":[],"product_brand":[],"product_cat":[1059],"product_tag":[],"class_list":{"0":"post-8070","1":"product","2":"type-product","3":"status-publish","4":"has-post-thumbnail","6":"product_cat-sem-categoria","8":"first","9":"outofstock","10":"taxable","11":"shipping-taxable","12":"purchasable","13":"product-type-simple"},"_links":{"self":[{"href":"https:\/\/www.avmbianco.com.br\/site\/wp-json\/wp\/v2\/product\/8070","targetHints":{"allow":["GET"]}}],"collection":[{"href":"https:\/\/www.avmbianco.com.br\/site\/wp-json\/wp\/v2\/product"}],"about":[{"href":"https:\/\/www.avmbianco.com.br\/site\/wp-json\/wp\/v2\/types\/product"}],"replies":[{"embeddable":true,"href":"https:\/\/www.avmbianco.com.br\/site\/wp-json\/wp\/v2\/comments?post=8070"}],"wp:featuredmedia":[{"embeddable":true,"href":"https:\/\/www.avmbianco.com.br\/site\/wp-json\/wp\/v2\/media\/15675"}],"wp:attachment":[{"href":"https:\/\/www.avmbianco.com.br\/site\/wp-json\/wp\/v2\/media?parent=8070"}],"wp:term":[{"taxonomy":"product_brand","embeddable":true,"href":"https:\/\/www.avmbianco.com.br\/site\/wp-json\/wp\/v2\/product_brand?post=8070"},{"taxonomy":"product_cat","embeddable":true,"href":"https:\/\/www.avmbianco.com.br\/site\/wp-json\/wp\/v2\/product_cat?post=8070"},{"taxonomy":"product_tag","embeddable":true,"href":"https:\/\/www.avmbianco.com.br\/site\/wp-json\/wp\/v2\/product_tag?post=8070"}],"curies":[{"name":"wp","href":"https:\/\/api.w.org\/{rel}","templated":true}]}}