{"id":8140,"date":"2019-06-07T14:41:09","date_gmt":"2019-06-07T17:41:09","guid":{"rendered":"https:\/\/www.avmbianco.com.br\/site\/?post_type=product&#038;p=8140"},"modified":"2025-04-11T12:22:03","modified_gmt":"2025-04-11T15:22:03","slug":"cordao-00320","status":"publish","type":"product","link":"https:\/\/www.avmbianco.com.br\/site\/produto\/cordao-00320\/","title":{"rendered":"Cord\u00e3o 003\/20"},"content":{"rendered":"","protected":false},"excerpt":{"rendered":"<p><strong>Cord\u00e3o 03\/20 10 Metros<\/strong>.<br \/>\nCord\u00e3o de alta resist\u00eancia e durabilidade para confec\u00e7\u00e3o e artesanato. Utilizado em chinelo, colar, almofada, cortina, roupas em geral, etc.<\/p>\n<p>Di\u00e2metro: 7 Milimetros.<\/p>\n<p>Comprimento: 10 Metros.<\/p>\n<p>Composi\u00e7\u00e3o: 65% algod\u00e3o e 35% Viscose.<\/p>\n<p><strong>*LAVAR A SECO,N\u00c3O PASSAR*<\/strong><\/p>\n","protected":false},"featured_media":8141,"comment_status":"open","ping_status":"closed","template":"","meta":[],"product_brand":[],"product_cat":[179],"product_tag":[],"class_list":{"0":"post-8140","1":"product","2":"type-product","3":"status-publish","4":"has-post-thumbnail","6":"product_cat-cordao","8":"first","9":"instock","10":"taxable","11":"shipping-taxable","12":"purchasable","13":"product-type-variable"},"_links":{"self":[{"href":"https:\/\/www.avmbianco.com.br\/site\/wp-json\/wp\/v2\/product\/8140","targetHints":{"allow":["GET"]}}],"collection":[{"href":"https:\/\/www.avmbianco.com.br\/site\/wp-json\/wp\/v2\/product"}],"about":[{"href":"https:\/\/www.avmbianco.com.br\/site\/wp-json\/wp\/v2\/types\/product"}],"replies":[{"embeddable":true,"href":"https:\/\/www.avmbianco.com.br\/site\/wp-json\/wp\/v2\/comments?post=8140"}],"wp:featuredmedia":[{"embeddable":true,"href":"https:\/\/www.avmbianco.com.br\/site\/wp-json\/wp\/v2\/media\/8141"}],"wp:attachment":[{"href":"https:\/\/www.avmbianco.com.br\/site\/wp-json\/wp\/v2\/media?parent=8140"}],"wp:term":[{"taxonomy":"product_brand","embeddable":true,"href":"https:\/\/www.avmbianco.com.br\/site\/wp-json\/wp\/v2\/product_brand?post=8140"},{"taxonomy":"product_cat","embeddable":true,"href":"https:\/\/www.avmbianco.com.br\/site\/wp-json\/wp\/v2\/product_cat?post=8140"},{"taxonomy":"product_tag","embeddable":true,"href":"https:\/\/www.avmbianco.com.br\/site\/wp-json\/wp\/v2\/product_tag?post=8140"}],"curies":[{"name":"wp","href":"https:\/\/api.w.org\/{rel}","templated":true}]}}