{"id":8154,"date":"2019-06-07T15:09:24","date_gmt":"2019-06-07T18:09:24","guid":{"rendered":"https:\/\/www.avmbianco.com.br\/site\/?post_type=product&#038;p=8154"},"modified":"2025-04-11T11:29:40","modified_gmt":"2025-04-11T14:29:40","slug":"cordao-00215","status":"publish","type":"product","link":"https:\/\/www.avmbianco.com.br\/site\/produto\/cordao-00215\/","title":{"rendered":"Cord\u00e3o 002\/15"},"content":{"rendered":"","protected":false},"excerpt":{"rendered":"<p><strong>Cord\u00e3o 02\/15\u00a0 \u00a010 Metros<\/strong>.<br \/>\nCord\u00e3o de alta resist\u00eancia e durabilidade para confec\u00e7\u00e3o e artesanato. Utilizado em chinelo, colar, almofada, cortina, roupas em geral, etc.<\/p>\n<p>Quantidade: 1 Unidade.<\/p>\n<p>Di\u00e2metro: 6 Milimetros.<\/p>\n<p>Comprimento: 10 Metros.<\/p>\n<p>Composi\u00e7\u00e3o: 61% Algod\u00e3o e 39% Viscose.<\/p>\n","protected":false},"featured_media":8153,"comment_status":"open","ping_status":"closed","template":"","meta":[],"product_brand":[],"product_cat":[179],"product_tag":[],"class_list":{"0":"post-8154","1":"product","2":"type-product","3":"status-publish","4":"has-post-thumbnail","6":"product_cat-cordao","8":"first","9":"outofstock","10":"taxable","11":"shipping-taxable","12":"purchasable","13":"product-type-simple"},"_links":{"self":[{"href":"https:\/\/www.avmbianco.com.br\/site\/wp-json\/wp\/v2\/product\/8154","targetHints":{"allow":["GET"]}}],"collection":[{"href":"https:\/\/www.avmbianco.com.br\/site\/wp-json\/wp\/v2\/product"}],"about":[{"href":"https:\/\/www.avmbianco.com.br\/site\/wp-json\/wp\/v2\/types\/product"}],"replies":[{"embeddable":true,"href":"https:\/\/www.avmbianco.com.br\/site\/wp-json\/wp\/v2\/comments?post=8154"}],"wp:featuredmedia":[{"embeddable":true,"href":"https:\/\/www.avmbianco.com.br\/site\/wp-json\/wp\/v2\/media\/8153"}],"wp:attachment":[{"href":"https:\/\/www.avmbianco.com.br\/site\/wp-json\/wp\/v2\/media?parent=8154"}],"wp:term":[{"taxonomy":"product_brand","embeddable":true,"href":"https:\/\/www.avmbianco.com.br\/site\/wp-json\/wp\/v2\/product_brand?post=8154"},{"taxonomy":"product_cat","embeddable":true,"href":"https:\/\/www.avmbianco.com.br\/site\/wp-json\/wp\/v2\/product_cat?post=8154"},{"taxonomy":"product_tag","embeddable":true,"href":"https:\/\/www.avmbianco.com.br\/site\/wp-json\/wp\/v2\/product_tag?post=8154"}],"curies":[{"name":"wp","href":"https:\/\/api.w.org\/{rel}","templated":true}]}}