{"id":8179,"date":"2019-06-10T10:29:34","date_gmt":"2019-06-10T13:29:34","guid":{"rendered":"https:\/\/www.avmbianco.com.br\/site\/?post_type=product&#038;p=8179"},"modified":"2025-04-15T11:07:09","modified_gmt":"2025-04-15T14:07:09","slug":"cordao-00106","status":"publish","type":"product","link":"https:\/\/www.avmbianco.com.br\/site\/produto\/cordao-00106\/","title":{"rendered":"Cord\u00e3o 001\/06"},"content":{"rendered":"","protected":false},"excerpt":{"rendered":"<p>Marca: S\u00e3o Jose<br \/>\nComposi\u00e7\u00e3o: 55% Algod\u00e3o, 45% Viscose<br \/>\nUnidade de Venda: 1 Pe\u00e7a com 20 metros<br \/>\nDiametro: 3,5mm.<\/p>\n<p>Utilizado em decora\u00e7\u00f5es, fantasias e artesanato no geral.<\/p>\n","protected":false},"featured_media":8166,"comment_status":"open","ping_status":"closed","template":"","meta":[],"product_brand":[],"product_cat":[179],"product_tag":[],"class_list":{"0":"post-8179","1":"product","2":"type-product","3":"status-publish","4":"has-post-thumbnail","6":"product_cat-cordao","8":"first","9":"outofstock","10":"taxable","11":"shipping-taxable","12":"purchasable","13":"product-type-simple"},"_links":{"self":[{"href":"https:\/\/www.avmbianco.com.br\/site\/wp-json\/wp\/v2\/product\/8179","targetHints":{"allow":["GET"]}}],"collection":[{"href":"https:\/\/www.avmbianco.com.br\/site\/wp-json\/wp\/v2\/product"}],"about":[{"href":"https:\/\/www.avmbianco.com.br\/site\/wp-json\/wp\/v2\/types\/product"}],"replies":[{"embeddable":true,"href":"https:\/\/www.avmbianco.com.br\/site\/wp-json\/wp\/v2\/comments?post=8179"}],"wp:featuredmedia":[{"embeddable":true,"href":"https:\/\/www.avmbianco.com.br\/site\/wp-json\/wp\/v2\/media\/8166"}],"wp:attachment":[{"href":"https:\/\/www.avmbianco.com.br\/site\/wp-json\/wp\/v2\/media?parent=8179"}],"wp:term":[{"taxonomy":"product_brand","embeddable":true,"href":"https:\/\/www.avmbianco.com.br\/site\/wp-json\/wp\/v2\/product_brand?post=8179"},{"taxonomy":"product_cat","embeddable":true,"href":"https:\/\/www.avmbianco.com.br\/site\/wp-json\/wp\/v2\/product_cat?post=8179"},{"taxonomy":"product_tag","embeddable":true,"href":"https:\/\/www.avmbianco.com.br\/site\/wp-json\/wp\/v2\/product_tag?post=8179"}],"curies":[{"name":"wp","href":"https:\/\/api.w.org\/{rel}","templated":true}]}}