{"id":8186,"date":"2019-06-10T10:45:26","date_gmt":"2019-06-10T13:45:26","guid":{"rendered":"https:\/\/www.avmbianco.com.br\/site\/?post_type=product&#038;p=8186"},"modified":"2025-04-15T10:55:20","modified_gmt":"2025-04-15T13:55:20","slug":"cordao-00110-com-metalizado","status":"publish","type":"product","link":"https:\/\/www.avmbianco.com.br\/site\/produto\/cordao-00110-com-metalizado\/","title":{"rendered":"Cord\u00e3o 001\/10 Com Metalizado"},"content":{"rendered":"","protected":false},"excerpt":{"rendered":"<p>Marca: S\u00e3o Jose<br \/>\nComposi\u00e7\u00e3o: 65% Algod\u00e3o, 23% Viscose e 12% Metalizado<br \/>\nUnidade de Venda: 1 Pe\u00e7a com 10 metros<br \/>\nDiametro: 6mm.<\/p>\n<p>Cord\u00e3o S\u00e3o Francisco S\u00e3o Jos\u00e9 001\/10 6mm para confec\u00e7\u00e3o e artesanato. Utilizado em chinelo, colar, almofada, cortina, roupas em geral, etc.<\/p>\n<p>**Consulte Cores Dispon\u00edveis**<\/p>\n","protected":false},"featured_media":8158,"comment_status":"open","ping_status":"closed","template":"","meta":[],"product_brand":[],"product_cat":[179],"product_tag":[],"class_list":{"0":"post-8186","1":"product","2":"type-product","3":"status-publish","4":"has-post-thumbnail","6":"product_cat-cordao","8":"first","9":"instock","10":"taxable","11":"shipping-taxable","12":"purchasable","13":"product-type-variable"},"_links":{"self":[{"href":"https:\/\/www.avmbianco.com.br\/site\/wp-json\/wp\/v2\/product\/8186","targetHints":{"allow":["GET"]}}],"collection":[{"href":"https:\/\/www.avmbianco.com.br\/site\/wp-json\/wp\/v2\/product"}],"about":[{"href":"https:\/\/www.avmbianco.com.br\/site\/wp-json\/wp\/v2\/types\/product"}],"replies":[{"embeddable":true,"href":"https:\/\/www.avmbianco.com.br\/site\/wp-json\/wp\/v2\/comments?post=8186"}],"wp:featuredmedia":[{"embeddable":true,"href":"https:\/\/www.avmbianco.com.br\/site\/wp-json\/wp\/v2\/media\/8158"}],"wp:attachment":[{"href":"https:\/\/www.avmbianco.com.br\/site\/wp-json\/wp\/v2\/media?parent=8186"}],"wp:term":[{"taxonomy":"product_brand","embeddable":true,"href":"https:\/\/www.avmbianco.com.br\/site\/wp-json\/wp\/v2\/product_brand?post=8186"},{"taxonomy":"product_cat","embeddable":true,"href":"https:\/\/www.avmbianco.com.br\/site\/wp-json\/wp\/v2\/product_cat?post=8186"},{"taxonomy":"product_tag","embeddable":true,"href":"https:\/\/www.avmbianco.com.br\/site\/wp-json\/wp\/v2\/product_tag?post=8186"}],"curies":[{"name":"wp","href":"https:\/\/api.w.org\/{rel}","templated":true}]}}