{"id":8351,"date":"2019-06-11T11:35:22","date_gmt":"2019-06-11T14:35:22","guid":{"rendered":"https:\/\/www.avmbianco.com.br\/site\/?post_type=product&#038;p=8351"},"modified":"2020-07-15T15:50:50","modified_gmt":"2020-07-15T18:50:50","slug":"tesoura-1960-8-22cm","status":"publish","type":"product","link":"https:\/\/www.avmbianco.com.br\/site\/produto\/tesoura-1960-8-22cm\/","title":{"rendered":"Tesoura 1960-8 22cm"},"content":{"rendered":"","protected":false},"excerpt":{"rendered":"<h4>INFORMA\u00c7\u00d5ES ADICIONAIS<\/h4>\n<p>DESCRI\u00c7\u00c3O:<br \/>\n&#8211; TESOURA DE COSTURA SUPERFIO<br \/>\n&#8211; A SUPERFIO \u00e9 uma linha completa de tesoura que atendem necessidade diversas de corte.<br \/>\n&#8211; As tesouras possuem laminas temperadas em a\u00e7o inoxid\u00e1vel.<br \/>\n&#8211; Cabo ergon\u00f4mico em polipropileno. argola com mat\u00e9ria soft para maior ader\u00eancia e conforto durante o uso e sistema de fixa\u00e7\u00e3o com parafuso em a\u00e7o carbono para maior seguran\u00e7a e desempenho.<br \/>\n&#8211; Material: A\u00e7o Inoxid\u00e1vel e Polipropileno.<br \/>\n&#8211; Cor: AZUL<br \/>\n&#8211; Marca: Mundial<\/p>\n<p>-CUIDADOS<br \/>\n&#8211; Guardar a tesoura limpa, seca e em local seguro.<br \/>\n&#8211; Colocar uma gota de \u00f3leo lubrificante entre a l\u00e2mina e o parafuso quando necess\u00e1rio.<br \/>\n&#8211; Mantenha fora do alcance de crian\u00e7as.<br \/>\n&#8211; Produto cortante, tenha cuidado ao manusear.<\/p>\n","protected":false},"featured_media":8337,"comment_status":"open","ping_status":"closed","template":"","meta":[],"product_brand":[],"product_cat":[123],"product_tag":[],"class_list":{"0":"post-8351","1":"product","2":"type-product","3":"status-publish","4":"has-post-thumbnail","6":"product_cat-tesouras","8":"first","9":"outofstock","10":"taxable","11":"shipping-taxable","12":"purchasable","13":"product-type-simple"},"_links":{"self":[{"href":"https:\/\/www.avmbianco.com.br\/site\/wp-json\/wp\/v2\/product\/8351","targetHints":{"allow":["GET"]}}],"collection":[{"href":"https:\/\/www.avmbianco.com.br\/site\/wp-json\/wp\/v2\/product"}],"about":[{"href":"https:\/\/www.avmbianco.com.br\/site\/wp-json\/wp\/v2\/types\/product"}],"replies":[{"embeddable":true,"href":"https:\/\/www.avmbianco.com.br\/site\/wp-json\/wp\/v2\/comments?post=8351"}],"wp:featuredmedia":[{"embeddable":true,"href":"https:\/\/www.avmbianco.com.br\/site\/wp-json\/wp\/v2\/media\/8337"}],"wp:attachment":[{"href":"https:\/\/www.avmbianco.com.br\/site\/wp-json\/wp\/v2\/media?parent=8351"}],"wp:term":[{"taxonomy":"product_brand","embeddable":true,"href":"https:\/\/www.avmbianco.com.br\/site\/wp-json\/wp\/v2\/product_brand?post=8351"},{"taxonomy":"product_cat","embeddable":true,"href":"https:\/\/www.avmbianco.com.br\/site\/wp-json\/wp\/v2\/product_cat?post=8351"},{"taxonomy":"product_tag","embeddable":true,"href":"https:\/\/www.avmbianco.com.br\/site\/wp-json\/wp\/v2\/product_tag?post=8351"}],"curies":[{"name":"wp","href":"https:\/\/api.w.org\/{rel}","templated":true}]}}