{"id":8352,"date":"2019-06-11T11:55:02","date_gmt":"2019-06-11T14:55:02","guid":{"rendered":"https:\/\/www.avmbianco.com.br\/site\/?post_type=product&#038;p=8352"},"modified":"2025-11-14T12:18:48","modified_gmt":"2025-11-14T15:18:48","slug":"tesoura-990-10-25cm","status":"publish","type":"product","link":"https:\/\/www.avmbianco.com.br\/site\/produto\/tesoura-990-10-25cm\/","title":{"rendered":"Tesoura 990 Alfaiate"},"content":{"rendered":"","protected":false},"excerpt":{"rendered":"<p>A Tesoura Multiuso 990 da Mundial \u00e9 um produto indispens\u00e1vel no seu dia a dia. Pois serve para realizar cortes com a maior perfei\u00e7\u00e3o seja em papel, tecido, cabelo ou alimento. Ideal em escola, cozinha, escrit\u00f3rio, sal\u00e3o de beleza e outros. Al\u00e9m disso, os cabos anat\u00f4micos se encaixam perfeitamente nas m\u00e3os, com f\u00e1cil manuseio e muito confort\u00e1vel. Objeto muito \u00fatil para voc\u00ea seja onde for!<\/p>\n<p>990\/10(25cm)<\/p>\n<p>990\/12(31cm)<\/p>\n","protected":false},"featured_media":8344,"comment_status":"open","ping_status":"closed","template":"","meta":[],"product_brand":[],"product_cat":[123],"product_tag":[],"class_list":{"0":"post-8352","1":"product","2":"type-product","3":"status-publish","4":"has-post-thumbnail","6":"product_cat-tesouras","8":"first","9":"instock","10":"taxable","11":"shipping-taxable","12":"purchasable","13":"product-type-variable"},"_links":{"self":[{"href":"https:\/\/www.avmbianco.com.br\/site\/wp-json\/wp\/v2\/product\/8352","targetHints":{"allow":["GET"]}}],"collection":[{"href":"https:\/\/www.avmbianco.com.br\/site\/wp-json\/wp\/v2\/product"}],"about":[{"href":"https:\/\/www.avmbianco.com.br\/site\/wp-json\/wp\/v2\/types\/product"}],"replies":[{"embeddable":true,"href":"https:\/\/www.avmbianco.com.br\/site\/wp-json\/wp\/v2\/comments?post=8352"}],"wp:featuredmedia":[{"embeddable":true,"href":"https:\/\/www.avmbianco.com.br\/site\/wp-json\/wp\/v2\/media\/8344"}],"wp:attachment":[{"href":"https:\/\/www.avmbianco.com.br\/site\/wp-json\/wp\/v2\/media?parent=8352"}],"wp:term":[{"taxonomy":"product_brand","embeddable":true,"href":"https:\/\/www.avmbianco.com.br\/site\/wp-json\/wp\/v2\/product_brand?post=8352"},{"taxonomy":"product_cat","embeddable":true,"href":"https:\/\/www.avmbianco.com.br\/site\/wp-json\/wp\/v2\/product_cat?post=8352"},{"taxonomy":"product_tag","embeddable":true,"href":"https:\/\/www.avmbianco.com.br\/site\/wp-json\/wp\/v2\/product_tag?post=8352"}],"curies":[{"name":"wp","href":"https:\/\/api.w.org\/{rel}","templated":true}]}}