{"id":8360,"date":"2019-06-11T12:31:30","date_gmt":"2019-06-11T15:31:30","guid":{"rendered":"https:\/\/www.avmbianco.com.br\/site\/?post_type=product&#038;p=8360"},"modified":"2025-11-14T12:13:07","modified_gmt":"2025-11-14T15:13:07","slug":"tesoura-bordar-426-4","status":"publish","type":"product","link":"https:\/\/www.avmbianco.com.br\/site\/produto\/tesoura-bordar-426-4\/","title":{"rendered":"Tesoura Bordar 426-4"},"content":{"rendered":"","protected":false},"excerpt":{"rendered":"<p>Tesoura Bordar Reta 10CM 426\/4 &#8211; MUNDIAL<\/p>\n<p>Tesoura ideal para cortes delicados e detalhes de acabamentos, com padr\u00e3o de qualidade internacional.<\/p>\n<p>Dicas de cuidado:<br \/>\nGuarda a tesoura limpa, seca e em local seguro.<br \/>\nColocar uma gota de \u00f3leo lubrificante entre as l\u00e2minas e no parafuso, quando necess\u00e1rio.<\/p>\n<p>Material: A\u00e7o<br \/>\nT\u00e9cnica: Costura<br \/>\nPonta Reta<\/p>\n","protected":false},"featured_media":8335,"comment_status":"open","ping_status":"closed","template":"","meta":[],"product_brand":[],"product_cat":[123],"product_tag":[],"class_list":{"0":"post-8360","1":"product","2":"type-product","3":"status-publish","4":"has-post-thumbnail","6":"product_cat-tesouras","8":"first","9":"instock","10":"taxable","11":"shipping-taxable","12":"purchasable","13":"product-type-simple"},"_links":{"self":[{"href":"https:\/\/www.avmbianco.com.br\/site\/wp-json\/wp\/v2\/product\/8360","targetHints":{"allow":["GET"]}}],"collection":[{"href":"https:\/\/www.avmbianco.com.br\/site\/wp-json\/wp\/v2\/product"}],"about":[{"href":"https:\/\/www.avmbianco.com.br\/site\/wp-json\/wp\/v2\/types\/product"}],"replies":[{"embeddable":true,"href":"https:\/\/www.avmbianco.com.br\/site\/wp-json\/wp\/v2\/comments?post=8360"}],"wp:featuredmedia":[{"embeddable":true,"href":"https:\/\/www.avmbianco.com.br\/site\/wp-json\/wp\/v2\/media\/8335"}],"wp:attachment":[{"href":"https:\/\/www.avmbianco.com.br\/site\/wp-json\/wp\/v2\/media?parent=8360"}],"wp:term":[{"taxonomy":"product_brand","embeddable":true,"href":"https:\/\/www.avmbianco.com.br\/site\/wp-json\/wp\/v2\/product_brand?post=8360"},{"taxonomy":"product_cat","embeddable":true,"href":"https:\/\/www.avmbianco.com.br\/site\/wp-json\/wp\/v2\/product_cat?post=8360"},{"taxonomy":"product_tag","embeddable":true,"href":"https:\/\/www.avmbianco.com.br\/site\/wp-json\/wp\/v2\/product_tag?post=8360"}],"curies":[{"name":"wp","href":"https:\/\/api.w.org\/{rel}","templated":true}]}}