{"id":8394,"date":"2019-06-11T16:31:31","date_gmt":"2019-06-11T19:31:31","guid":{"rendered":"https:\/\/www.avmbianco.com.br\/site\/?post_type=product&#038;p=8394"},"modified":"2025-07-04T11:12:07","modified_gmt":"2025-07-04T14:12:07","slug":"vivo-algodao","status":"publish","type":"product","link":"https:\/\/www.avmbianco.com.br\/site\/produto\/vivo-algodao\/","title":{"rendered":"Vivo Algod\u00e3o"},"content":{"rendered":"","protected":false},"excerpt":{"rendered":"<p>O aviamento fita com vivo 100% algod\u00e3o com trama tela e pode ser utilizado em vestu\u00e1rio, decora\u00e7\u00e3o, etiquetas ou mesmo acess\u00f3rios. Sua fun\u00e7\u00e3o \u00e9 dar acabamento de costura em pe\u00e7as de vestu\u00e1rio, bolsas e malas, uniformes profissional e escolar, jalecos, domos, agasalhos, almofadas e fronhas.<\/p>\n<p>Largura: 10 mm<br \/>\nComposi\u00e7\u00e3o: 100% Algod\u00e3o<br \/>\nUnidade de Venda: Carretel com 50 Metros<br \/>\nFita r\u00edgida \u2013 N\u00e3o possui elasticidade<\/p>\n","protected":false},"featured_media":17866,"comment_status":"open","ping_status":"closed","template":"","meta":[],"product_brand":[],"product_cat":[178],"product_tag":[],"class_list":{"0":"post-8394","1":"product","2":"type-product","3":"status-publish","4":"has-post-thumbnail","6":"product_cat-vivo","8":"first","9":"instock","10":"taxable","11":"shipping-taxable","12":"purchasable","13":"product-type-variable"},"_links":{"self":[{"href":"https:\/\/www.avmbianco.com.br\/site\/wp-json\/wp\/v2\/product\/8394","targetHints":{"allow":["GET"]}}],"collection":[{"href":"https:\/\/www.avmbianco.com.br\/site\/wp-json\/wp\/v2\/product"}],"about":[{"href":"https:\/\/www.avmbianco.com.br\/site\/wp-json\/wp\/v2\/types\/product"}],"replies":[{"embeddable":true,"href":"https:\/\/www.avmbianco.com.br\/site\/wp-json\/wp\/v2\/comments?post=8394"}],"wp:featuredmedia":[{"embeddable":true,"href":"https:\/\/www.avmbianco.com.br\/site\/wp-json\/wp\/v2\/media\/17866"}],"wp:attachment":[{"href":"https:\/\/www.avmbianco.com.br\/site\/wp-json\/wp\/v2\/media?parent=8394"}],"wp:term":[{"taxonomy":"product_brand","embeddable":true,"href":"https:\/\/www.avmbianco.com.br\/site\/wp-json\/wp\/v2\/product_brand?post=8394"},{"taxonomy":"product_cat","embeddable":true,"href":"https:\/\/www.avmbianco.com.br\/site\/wp-json\/wp\/v2\/product_cat?post=8394"},{"taxonomy":"product_tag","embeddable":true,"href":"https:\/\/www.avmbianco.com.br\/site\/wp-json\/wp\/v2\/product_tag?post=8394"}],"curies":[{"name":"wp","href":"https:\/\/api.w.org\/{rel}","templated":true}]}}