{"id":8411,"date":"2019-06-12T15:01:00","date_gmt":"2019-06-12T18:01:00","guid":{"rendered":"https:\/\/www.avmbianco.com.br\/site\/?post_type=product&#038;p=8411"},"modified":"2025-09-02T15:42:45","modified_gmt":"2025-09-02T18:42:45","slug":"vies-de-cetim-cinderela","status":"publish","type":"product","link":"https:\/\/www.avmbianco.com.br\/site\/produto\/vies-de-cetim-cinderela\/","title":{"rendered":"Vi\u00e9s de Cetim Cinderela"},"content":{"rendered":"<p>Tabela de Cores.<\/p>\n<p><img loading=\"lazy\" decoding=\"async\" class=\"alignnone size-medium wp-image-8412\" src=\"https:\/\/www.avmbianco.com.br\/site\/wp-content\/uploads\/IMG_20190612_142110005-157x150.jpg\" alt=\"\" width=\"157\" height=\"150\" srcset=\"https:\/\/www.avmbianco.com.br\/site\/wp-content\/uploads\/IMG_20190612_142110005-157x150.jpg 157w, https:\/\/www.avmbianco.com.br\/site\/wp-content\/uploads\/IMG_20190612_142110005-500x478.jpg 500w, https:\/\/www.avmbianco.com.br\/site\/wp-content\/uploads\/IMG_20190612_142110005-200x191.jpg 200w, https:\/\/www.avmbianco.com.br\/site\/wp-content\/uploads\/IMG_20190612_142110005-768x734.jpg 768w, https:\/\/www.avmbianco.com.br\/site\/wp-content\/uploads\/IMG_20190612_142110005-262x250.jpg 262w, https:\/\/www.avmbianco.com.br\/site\/wp-content\/uploads\/IMG_20190612_142110005-153x146.jpg 153w, https:\/\/www.avmbianco.com.br\/site\/wp-content\/uploads\/IMG_20190612_142110005-50x48.jpg 50w, https:\/\/www.avmbianco.com.br\/site\/wp-content\/uploads\/IMG_20190612_142110005-576x550.jpg 576w, https:\/\/www.avmbianco.com.br\/site\/wp-content\/uploads\/IMG_20190612_142110005-79x75.jpg 79w\" sizes=\"auto, (max-width: 157px) 100vw, 157px\" \/><\/p>\n<p><img decoding=\"async\" src=\"https:\/\/armarinhoa3.admin.lojamagentouol.com.br\/media\/catalog\/product\/v\/i\/vies-cinderela-cetim-cores.jpg\" \/><\/p>\n<p>&nbsp;<\/p>\n","protected":false},"excerpt":{"rendered":"<p>Indispens\u00e1vel quando o assunto \u00e9 alta costura, moda ou<br \/>\nacess\u00f3rios, o Vi\u00e9s de Acetato Cinderela realmente faz a<br \/>\ndiferen\u00e7a no quesito maciez, sofistica\u00e7\u00e3o, delicadeza e<br \/>\nsustentabilidade. De caracter\u00edstica biodegrad\u00e1vel e com<br \/>\ndezenas de cores, tons e larguras, ele \u00e9 produzido em 100%<br \/>\nacetato e encontrado em embalagens de 20 metros, sendo<br \/>\na op\u00e7\u00e3o perfeita para a aplica\u00e7\u00e3o em pe\u00e7as finas e na alta<br \/>\ncostura, sempre com muita beleza e versatilidade. Vi\u00e9s de<br \/>\nAcetato Cinderela &#8211; Com ele o acabamento superior est\u00e1<br \/>\nsempre em primeiro lugar.<\/p>\n<p>12mm fechado e 24mm aberto<\/p>\n<p>25mm fechado e 50mm aberto<\/p>\n<p><strong>Detalhes do produto:<\/strong><\/p>\n<p>Composi\u00e7\u00e3o:<br \/>\n&#8211; 100% Acetato<\/p>\n<p>Embalagem:<br \/>\n&#8211; Rolo: 20 m<\/p>\n<p>O acabamento ideal para a valorizar ainda mais as suas pe\u00e7as!<\/p>\n<p><strong>**Consulte Cores Dispon\u00edveis**<\/strong><\/p>\n","protected":false},"featured_media":17234,"comment_status":"open","ping_status":"closed","template":"","meta":[],"product_brand":[],"product_cat":[20],"product_tag":[],"class_list":{"0":"post-8411","1":"product","2":"type-product","3":"status-publish","4":"has-post-thumbnail","6":"product_cat-vies","7":"pa_largura-12-mm","8":"pa_largura-25-mm","10":"first","11":"instock","12":"taxable","13":"shipping-taxable","14":"purchasable","15":"product-type-variable"},"_links":{"self":[{"href":"https:\/\/www.avmbianco.com.br\/site\/wp-json\/wp\/v2\/product\/8411","targetHints":{"allow":["GET"]}}],"collection":[{"href":"https:\/\/www.avmbianco.com.br\/site\/wp-json\/wp\/v2\/product"}],"about":[{"href":"https:\/\/www.avmbianco.com.br\/site\/wp-json\/wp\/v2\/types\/product"}],"replies":[{"embeddable":true,"href":"https:\/\/www.avmbianco.com.br\/site\/wp-json\/wp\/v2\/comments?post=8411"}],"wp:featuredmedia":[{"embeddable":true,"href":"https:\/\/www.avmbianco.com.br\/site\/wp-json\/wp\/v2\/media\/17234"}],"wp:attachment":[{"href":"https:\/\/www.avmbianco.com.br\/site\/wp-json\/wp\/v2\/media?parent=8411"}],"wp:term":[{"taxonomy":"product_brand","embeddable":true,"href":"https:\/\/www.avmbianco.com.br\/site\/wp-json\/wp\/v2\/product_brand?post=8411"},{"taxonomy":"product_cat","embeddable":true,"href":"https:\/\/www.avmbianco.com.br\/site\/wp-json\/wp\/v2\/product_cat?post=8411"},{"taxonomy":"product_tag","embeddable":true,"href":"https:\/\/www.avmbianco.com.br\/site\/wp-json\/wp\/v2\/product_tag?post=8411"}],"curies":[{"name":"wp","href":"https:\/\/api.w.org\/{rel}","templated":true}]}}