{"id":8530,"date":"2019-06-17T12:09:47","date_gmt":"2019-06-17T15:09:47","guid":{"rendered":"https:\/\/www.avmbianco.com.br\/site\/?post_type=product&#038;p=8530"},"modified":"2025-04-14T14:59:43","modified_gmt":"2025-04-14T17:59:43","slug":"linha-para-bordar","status":"publish","type":"product","link":"https:\/\/www.avmbianco.com.br\/site\/produto\/linha-para-bordar\/","title":{"rendered":"Linha Para Bordar"},"content":{"rendered":"<p>Cores<\/p>\n<p>5310 Branco<\/p>\n<p>5215 Vermelho<\/p>\n","protected":false},"excerpt":{"rendered":"<p>Linha Para Bordar Setta Lumina. Linha para Bordar a Maquina computadorizada.<br \/>\nCones de 4000mts.<\/p>\n<p>Linha 100% poli\u00e9ster trilobal brilhante para bordar. Possui brilho e resist\u00eancia superiores e s\u00e3o excelentes resultados em altas velocidades. Perfeita reprodutividade de cores e durabilidade a lavagens adequadas. Vicones que permitem melhor desenrolamento. Apar\u00eancia superior e mais brilho nas pe\u00e7as bordadas.<\/p>\n<p><strong>**Consulte Cores Dispon\u00edveis**<\/strong><\/p>\n","protected":false},"featured_media":8532,"comment_status":"open","ping_status":"closed","template":"","meta":[],"product_brand":[],"product_cat":[53],"product_tag":[],"class_list":{"0":"post-8530","1":"product","2":"type-product","3":"status-publish","4":"has-post-thumbnail","6":"product_cat-linhas","8":"first","9":"instock","10":"taxable","11":"shipping-taxable","12":"purchasable","13":"product-type-variable"},"_links":{"self":[{"href":"https:\/\/www.avmbianco.com.br\/site\/wp-json\/wp\/v2\/product\/8530","targetHints":{"allow":["GET"]}}],"collection":[{"href":"https:\/\/www.avmbianco.com.br\/site\/wp-json\/wp\/v2\/product"}],"about":[{"href":"https:\/\/www.avmbianco.com.br\/site\/wp-json\/wp\/v2\/types\/product"}],"replies":[{"embeddable":true,"href":"https:\/\/www.avmbianco.com.br\/site\/wp-json\/wp\/v2\/comments?post=8530"}],"wp:featuredmedia":[{"embeddable":true,"href":"https:\/\/www.avmbianco.com.br\/site\/wp-json\/wp\/v2\/media\/8532"}],"wp:attachment":[{"href":"https:\/\/www.avmbianco.com.br\/site\/wp-json\/wp\/v2\/media?parent=8530"}],"wp:term":[{"taxonomy":"product_brand","embeddable":true,"href":"https:\/\/www.avmbianco.com.br\/site\/wp-json\/wp\/v2\/product_brand?post=8530"},{"taxonomy":"product_cat","embeddable":true,"href":"https:\/\/www.avmbianco.com.br\/site\/wp-json\/wp\/v2\/product_cat?post=8530"},{"taxonomy":"product_tag","embeddable":true,"href":"https:\/\/www.avmbianco.com.br\/site\/wp-json\/wp\/v2\/product_tag?post=8530"}],"curies":[{"name":"wp","href":"https:\/\/api.w.org\/{rel}","templated":true}]}}