{"id":8552,"date":"2019-06-17T14:45:21","date_gmt":"2019-06-17T17:45:21","guid":{"rendered":"https:\/\/www.avmbianco.com.br\/site\/?post_type=product&#038;p=8552"},"modified":"2025-04-15T12:53:33","modified_gmt":"2025-04-15T15:53:33","slug":"linha-10-pipa","status":"publish","type":"product","link":"https:\/\/www.avmbianco.com.br\/site\/produto\/linha-10-pipa\/","title":{"rendered":"Linha 10 Pipa"},"content":{"rendered":"","protected":false},"excerpt":{"rendered":"<h2 id=\"subtitle-1\" class=\"subtitle\"><span style=\"font-size: 16px;\">A Linha 10 Linhanyl, Indicada para Pipas<\/span><\/h2>\n<div id=\"subtitle-content-2\" class=\"subtitle-content\">\n<p>Composi\u00e7\u00e3o<br \/>\n100% Algod\u00e3o<\/p>\n<p>Comprimento:<br \/>\n183 Metros<\/p>\n<\/div>\n<p>N\u00e3o embara\u00e7a nem forma n\u00f3s durante o uso<\/p>\n<p>Enrolamento perfeito, permite deslizamento suave<\/p>\n<p>Regularidade de espessura e aus\u00eancia de n\u00f3s<\/p>\n<p>Aplica\u00e7\u00e3o<\/p>\n<p>Seu uso \u00e9 espec\u00edfico para recrea\u00e7\u00e3o e n\u00e3o se destina a nenhum tipo de costura<\/p>\n<p>Empinar pipas<\/p>\n<p>&nbsp;<\/p>\n","protected":false},"featured_media":17254,"comment_status":"open","ping_status":"closed","template":"","meta":[],"product_brand":[],"product_cat":[53],"product_tag":[],"class_list":{"0":"post-8552","1":"product","2":"type-product","3":"status-publish","4":"has-post-thumbnail","6":"product_cat-linhas","8":"first","9":"instock","10":"taxable","11":"shipping-taxable","12":"purchasable","13":"product-type-simple"},"_links":{"self":[{"href":"https:\/\/www.avmbianco.com.br\/site\/wp-json\/wp\/v2\/product\/8552","targetHints":{"allow":["GET"]}}],"collection":[{"href":"https:\/\/www.avmbianco.com.br\/site\/wp-json\/wp\/v2\/product"}],"about":[{"href":"https:\/\/www.avmbianco.com.br\/site\/wp-json\/wp\/v2\/types\/product"}],"replies":[{"embeddable":true,"href":"https:\/\/www.avmbianco.com.br\/site\/wp-json\/wp\/v2\/comments?post=8552"}],"wp:featuredmedia":[{"embeddable":true,"href":"https:\/\/www.avmbianco.com.br\/site\/wp-json\/wp\/v2\/media\/17254"}],"wp:attachment":[{"href":"https:\/\/www.avmbianco.com.br\/site\/wp-json\/wp\/v2\/media?parent=8552"}],"wp:term":[{"taxonomy":"product_brand","embeddable":true,"href":"https:\/\/www.avmbianco.com.br\/site\/wp-json\/wp\/v2\/product_brand?post=8552"},{"taxonomy":"product_cat","embeddable":true,"href":"https:\/\/www.avmbianco.com.br\/site\/wp-json\/wp\/v2\/product_cat?post=8552"},{"taxonomy":"product_tag","embeddable":true,"href":"https:\/\/www.avmbianco.com.br\/site\/wp-json\/wp\/v2\/product_tag?post=8552"}],"curies":[{"name":"wp","href":"https:\/\/api.w.org\/{rel}","templated":true}]}}