{"id":8570,"date":"2019-06-17T15:38:36","date_gmt":"2019-06-17T18:38:36","guid":{"rendered":"https:\/\/www.avmbianco.com.br\/site\/?post_type=product&#038;p=8570"},"modified":"2025-04-15T12:28:31","modified_gmt":"2025-04-15T15:28:31","slug":"fio-helanca-zanotti","status":"publish","type":"product","link":"https:\/\/www.avmbianco.com.br\/site\/produto\/fio-helanca-zanotti\/","title":{"rendered":"Fio Helanca Zanotti"},"content":{"rendered":"","protected":false},"excerpt":{"rendered":"<p>APLICA\u00c7\u00c3O:Calcinha, Cueca, Suti\u00e3, Praia, Fitness, Infantil, Meias<\/p>\n<p>COMPOSI\u00c7\u00c3O:100% Poliamida(Helanca)\u00a0 Fio Texturizado<\/p>\n<p>Cont\u00e9m:300g\u00a0 (78DTEX)<\/p>\n<p>Ideal para roupas que requerem maior movimento e elasticidade.<\/p>\n","protected":false},"featured_media":8563,"comment_status":"open","ping_status":"closed","template":"","meta":[],"product_brand":[],"product_cat":[641],"product_tag":[],"class_list":{"0":"post-8570","1":"product","2":"type-product","3":"status-publish","4":"has-post-thumbnail","6":"product_cat-fio","8":"first","9":"outofstock","10":"taxable","11":"shipping-taxable","12":"purchasable","13":"product-type-variable"},"_links":{"self":[{"href":"https:\/\/www.avmbianco.com.br\/site\/wp-json\/wp\/v2\/product\/8570","targetHints":{"allow":["GET"]}}],"collection":[{"href":"https:\/\/www.avmbianco.com.br\/site\/wp-json\/wp\/v2\/product"}],"about":[{"href":"https:\/\/www.avmbianco.com.br\/site\/wp-json\/wp\/v2\/types\/product"}],"replies":[{"embeddable":true,"href":"https:\/\/www.avmbianco.com.br\/site\/wp-json\/wp\/v2\/comments?post=8570"}],"wp:featuredmedia":[{"embeddable":true,"href":"https:\/\/www.avmbianco.com.br\/site\/wp-json\/wp\/v2\/media\/8563"}],"wp:attachment":[{"href":"https:\/\/www.avmbianco.com.br\/site\/wp-json\/wp\/v2\/media?parent=8570"}],"wp:term":[{"taxonomy":"product_brand","embeddable":true,"href":"https:\/\/www.avmbianco.com.br\/site\/wp-json\/wp\/v2\/product_brand?post=8570"},{"taxonomy":"product_cat","embeddable":true,"href":"https:\/\/www.avmbianco.com.br\/site\/wp-json\/wp\/v2\/product_cat?post=8570"},{"taxonomy":"product_tag","embeddable":true,"href":"https:\/\/www.avmbianco.com.br\/site\/wp-json\/wp\/v2\/product_tag?post=8570"}],"curies":[{"name":"wp","href":"https:\/\/api.w.org\/{rel}","templated":true}]}}