{"id":8580,"date":"2019-06-18T11:27:39","date_gmt":"2019-06-18T14:27:39","guid":{"rendered":"https:\/\/www.avmbianco.com.br\/site\/?post_type=product&#038;p=8580"},"modified":"2025-04-15T12:26:59","modified_gmt":"2025-04-15T15:26:59","slug":"linha-setta-xik-80","status":"publish","type":"product","link":"https:\/\/www.avmbianco.com.br\/site\/produto\/linha-setta-xik-80\/","title":{"rendered":"Linha Setta Xik 80"},"content":{"rendered":"","protected":false},"excerpt":{"rendered":"<p><strong>A Grife da sua costura\u00a0<\/strong><strong>Resist\u00eancia, Beleza e Alto Desempenho<\/strong><\/p>\n<p>As linhas XIK Poliester s\u00e3o produzidas com fios 100% Poli\u00e9ster Fiado da mais alta qualidade e s\u00e3o utilizadas em todo tipo de costura e variados tecidos: pesados, m\u00e9dios e leves.<\/p>\n<p>Cones com 4.572m = 5.000J<\/p>\n<p>Caracter\u00edsticas:<\/p>\n<ul>\n<li>Lubrifica\u00e7\u00e3o especial para m\u00e1quinas de alto desempenho.<\/li>\n<li>Regularidade de espessura, tor\u00e7\u00e3o e alongamento.<\/li>\n<li>Aus\u00eancia de imperfei\u00e7\u00f5es.<\/li>\n<li>\u00d3tima solidez e reprodutividade de cores.<\/li>\n<li>V\u00e1rias etiquetas e metragens para a sua melhor condi\u00e7\u00e3o de trabalho.<\/li>\n<li>Grande gama de cores e lan\u00e7amentos semestrais de tend\u00eancias<\/li>\n<\/ul>\n<p><strong>Etiqueta 80<\/strong>: Linha indicada para confec\u00e7\u00e3o de roupas profissionais, moletons, jeans, bermudas etc. Tamb\u00e9m utilizada para pesponto, casear, travetar e pregar bot\u00f5es. Tem excelente desempenho no fechamento de colch\u00f5es.<\/p>\n","protected":false},"featured_media":8575,"comment_status":"open","ping_status":"closed","template":"","meta":[],"product_brand":[],"product_cat":[53],"product_tag":[],"class_list":{"0":"post-8580","1":"product","2":"type-product","3":"status-publish","4":"has-post-thumbnail","6":"product_cat-linhas","8":"first","9":"outofstock","10":"taxable","11":"shipping-taxable","12":"purchasable","13":"product-type-simple"},"_links":{"self":[{"href":"https:\/\/www.avmbianco.com.br\/site\/wp-json\/wp\/v2\/product\/8580","targetHints":{"allow":["GET"]}}],"collection":[{"href":"https:\/\/www.avmbianco.com.br\/site\/wp-json\/wp\/v2\/product"}],"about":[{"href":"https:\/\/www.avmbianco.com.br\/site\/wp-json\/wp\/v2\/types\/product"}],"replies":[{"embeddable":true,"href":"https:\/\/www.avmbianco.com.br\/site\/wp-json\/wp\/v2\/comments?post=8580"}],"wp:featuredmedia":[{"embeddable":true,"href":"https:\/\/www.avmbianco.com.br\/site\/wp-json\/wp\/v2\/media\/8575"}],"wp:attachment":[{"href":"https:\/\/www.avmbianco.com.br\/site\/wp-json\/wp\/v2\/media?parent=8580"}],"wp:term":[{"taxonomy":"product_brand","embeddable":true,"href":"https:\/\/www.avmbianco.com.br\/site\/wp-json\/wp\/v2\/product_brand?post=8580"},{"taxonomy":"product_cat","embeddable":true,"href":"https:\/\/www.avmbianco.com.br\/site\/wp-json\/wp\/v2\/product_cat?post=8580"},{"taxonomy":"product_tag","embeddable":true,"href":"https:\/\/www.avmbianco.com.br\/site\/wp-json\/wp\/v2\/product_tag?post=8580"}],"curies":[{"name":"wp","href":"https:\/\/api.w.org\/{rel}","templated":true}]}}