{"id":8604,"date":"2019-06-18T15:27:17","date_gmt":"2019-06-18T18:27:17","guid":{"rendered":"https:\/\/www.avmbianco.com.br\/site\/?post_type=product&#038;p=8604"},"modified":"2025-09-11T10:09:47","modified_gmt":"2025-09-11T13:09:47","slug":"linha-artpesca-monofilamento","status":"publish","type":"product","link":"https:\/\/www.avmbianco.com.br\/site\/produto\/linha-artpesca-monofilamento\/","title":{"rendered":"Linha Para Pesca"},"content":{"rendered":"","protected":false},"excerpt":{"rendered":"<div class=\"vtex-flex-layout-0-x-flexRow vtex-flex-layout-0-x-flexRow--productDescription--pdp\" aria-label=\"Linha de sess\u00e3o\">\n<div class=\"flex mt0 mb7 pt0 pb0 justify-between vtex-flex-layout-0-x-flexRowContent vtex-flex-layout-0-x-flexRowContent--productDescription--pdp items-stretch w-100\">\n<div class=\"pr0 items-stretch vtex-flex-layout-0-x-stretchChildrenWidth flex\">\n<div class=\"vtex-store-components-3-x-productDescriptionContainer\">\n<div class=\"vtex-store-components-3-x-productDescriptionText c-muted-1\">\n<div class=\"vtex-store-components-3-x-container relative\">\n<div class=\"vtex-store-components-3-x-content h-auto\">A Linha de Pesca da Mazzaferro \u00e9 muito conhecida por sua resist\u00eancia. Essa linha pode ser utilizada na pesca esportiva ou at\u00e9 mesmo no reparo de redes. Possui uma maior elasticidade, trazendo assim mais seguran\u00e7a ao atingir estruturas como pedras, cascalhos e outras superf\u00edcies durante a pesca.<\/div>\n<\/div>\n<\/div>\n<\/div>\n<\/div>\n<\/div>\n<\/div>\n<div class=\"vtex-flex-layout-0-x-flexRow vtex-flex-layout-0-x-flexRow--specifications--core\" aria-label=\"Linha de sess\u00e3o\">\n<div class=\"flex mt0 mb0 pt0 pb0 justify-start vtex-flex-layout-0-x-flexRowContent vtex-flex-layout-0-x-flexRowContent--specifications--core items-stretch w-100\">\n<div class=\"pr0 items-stretch vtex-flex-layout-0-x-stretchChildrenWidth flex\">\n<p class=\"maluli-maluliapp-0-x-specBox\">Marca: Mazzaferro<br \/>\nComposi\u00e7\u00e3o: 100% poliamida<br \/>\nCor: Alta Transpar\u00eancia<br \/>\nResistencia: 2,3kg<br \/>\nUnidade de venda: 1 unidade de carretel com 100 metros<\/p>\n<\/div>\n<\/div>\n<\/div>\n","protected":false},"featured_media":17263,"comment_status":"open","ping_status":"closed","template":"","meta":[],"product_brand":[],"product_cat":[53],"product_tag":[],"class_list":{"0":"post-8604","1":"product","2":"type-product","3":"status-publish","4":"has-post-thumbnail","6":"product_cat-linhas","8":"first","9":"instock","10":"taxable","11":"shipping-taxable","12":"purchasable","13":"product-type-variable"},"_links":{"self":[{"href":"https:\/\/www.avmbianco.com.br\/site\/wp-json\/wp\/v2\/product\/8604","targetHints":{"allow":["GET"]}}],"collection":[{"href":"https:\/\/www.avmbianco.com.br\/site\/wp-json\/wp\/v2\/product"}],"about":[{"href":"https:\/\/www.avmbianco.com.br\/site\/wp-json\/wp\/v2\/types\/product"}],"replies":[{"embeddable":true,"href":"https:\/\/www.avmbianco.com.br\/site\/wp-json\/wp\/v2\/comments?post=8604"}],"wp:featuredmedia":[{"embeddable":true,"href":"https:\/\/www.avmbianco.com.br\/site\/wp-json\/wp\/v2\/media\/17263"}],"wp:attachment":[{"href":"https:\/\/www.avmbianco.com.br\/site\/wp-json\/wp\/v2\/media?parent=8604"}],"wp:term":[{"taxonomy":"product_brand","embeddable":true,"href":"https:\/\/www.avmbianco.com.br\/site\/wp-json\/wp\/v2\/product_brand?post=8604"},{"taxonomy":"product_cat","embeddable":true,"href":"https:\/\/www.avmbianco.com.br\/site\/wp-json\/wp\/v2\/product_cat?post=8604"},{"taxonomy":"product_tag","embeddable":true,"href":"https:\/\/www.avmbianco.com.br\/site\/wp-json\/wp\/v2\/product_tag?post=8604"}],"curies":[{"name":"wp","href":"https:\/\/api.w.org\/{rel}","templated":true}]}}