{"id":8797,"date":"2019-06-19T16:11:32","date_gmt":"2019-06-19T19:11:32","guid":{"rendered":"https:\/\/www.avmbianco.com.br\/site\/?post_type=product&#038;p=8797"},"modified":"2025-04-16T15:46:31","modified_gmt":"2025-04-16T18:46:31","slug":"etiqueta-adesiva-tarjada","status":"publish","type":"product","link":"https:\/\/www.avmbianco.com.br\/site\/produto\/etiqueta-adesiva-tarjada\/","title":{"rendered":"Etiqueta Adesiva Tarjada"},"content":{"rendered":"","protected":false},"excerpt":{"rendered":"<p><strong>Descri\u00e7\u00e3o do Produto:<\/strong><br \/>\n&#8211; Etiquetas auto-adesivas multi-uso, com impress\u00e3o vermelha.<br \/>\n&#8211; Etiqueta para uso manual.<br \/>\n&#8211; Destinada a ind\u00fastrias, comerciantes, lojistas, supermercados, etc.<br \/>\n&#8211; Identifica\u00e7\u00e3o de embalagens \/ produtos.<br \/>\n&#8211; Codifica\u00e7\u00e3o de produtos.<br \/>\n&#8211; Marca\u00e7\u00e3o de Pre\u00e7o em produtos.<br \/>\n&#8211; Identifica\u00e7\u00e3o de envelopes \/ pastas.<\/p>\n<p><strong>Material:<\/strong>\u00a0Papel adesivo branco fosco com adesivo \u00e0 base de borracha e resina.<\/p>\n<p><strong>Medidas:\u00a0<\/strong>45 x 55 mm.<\/p>\n<p><strong>Apresenta\u00e7\u00e3o:<\/strong>\u00a0Tarja N\u00ba5 Rolo com 1.000 Etiquetas<\/p>\n","protected":false},"featured_media":8798,"comment_status":"open","ping_status":"closed","template":"","meta":[],"product_brand":[],"product_cat":[799,156],"product_tag":[],"class_list":{"0":"post-8797","1":"product","2":"type-product","3":"status-publish","4":"has-post-thumbnail","6":"product_cat-adesiva","7":"product_cat-etiquetas","9":"first","10":"outofstock","11":"taxable","12":"shipping-taxable","13":"purchasable","14":"product-type-simple"},"_links":{"self":[{"href":"https:\/\/www.avmbianco.com.br\/site\/wp-json\/wp\/v2\/product\/8797","targetHints":{"allow":["GET"]}}],"collection":[{"href":"https:\/\/www.avmbianco.com.br\/site\/wp-json\/wp\/v2\/product"}],"about":[{"href":"https:\/\/www.avmbianco.com.br\/site\/wp-json\/wp\/v2\/types\/product"}],"replies":[{"embeddable":true,"href":"https:\/\/www.avmbianco.com.br\/site\/wp-json\/wp\/v2\/comments?post=8797"}],"wp:featuredmedia":[{"embeddable":true,"href":"https:\/\/www.avmbianco.com.br\/site\/wp-json\/wp\/v2\/media\/8798"}],"wp:attachment":[{"href":"https:\/\/www.avmbianco.com.br\/site\/wp-json\/wp\/v2\/media?parent=8797"}],"wp:term":[{"taxonomy":"product_brand","embeddable":true,"href":"https:\/\/www.avmbianco.com.br\/site\/wp-json\/wp\/v2\/product_brand?post=8797"},{"taxonomy":"product_cat","embeddable":true,"href":"https:\/\/www.avmbianco.com.br\/site\/wp-json\/wp\/v2\/product_cat?post=8797"},{"taxonomy":"product_tag","embeddable":true,"href":"https:\/\/www.avmbianco.com.br\/site\/wp-json\/wp\/v2\/product_tag?post=8797"}],"curies":[{"name":"wp","href":"https:\/\/api.w.org\/{rel}","templated":true}]}}