{"id":8909,"date":"2019-06-24T12:04:55","date_gmt":"2019-06-24T15:04:55","guid":{"rendered":"https:\/\/www.avmbianco.com.br\/site\/?post_type=product&#038;p=8909"},"modified":"2025-04-17T10:37:10","modified_gmt":"2025-04-17T13:37:10","slug":"agulha-de-crochet-esmaltada","status":"publish","type":"product","link":"https:\/\/www.avmbianco.com.br\/site\/produto\/agulha-de-crochet-esmaltada\/","title":{"rendered":"Agulha Croche Esmaltada"},"content":{"rendered":"","protected":false},"excerpt":{"rendered":"<p>Agulha de Crochet\u00a0 Esmaltada<\/p>\n<p>Indicadas para trabalhos em croch\u00ea com linhas mais grossas ou l\u00e3. Muito semelhante \u00e0s<br \/>\ntradicionais de a\u00e7o niquelado, mas s\u00e3o um pouco mais leves por serem de alum\u00ednio.<br \/>\nColoridas, facilita a identifica\u00e7\u00e3o do tamanho, pois cada medida possui uma cor. Ganchos de\u00a0alum\u00ednio permitem que voc\u00ea trabalhe suave e rapidamente.<br \/>\nTamanhos: 2,0 a 12,0<br \/>\nComposi\u00e7\u00e3o: Alum\u00ednio<\/p>\n<p><strong>**Consulte Tamanhos Dispon\u00edveis**<\/strong><\/p>\n","protected":false},"featured_media":17272,"comment_status":"open","ping_status":"closed","template":"","meta":[],"product_brand":[],"product_cat":[29,30],"product_tag":[],"class_list":{"0":"post-8909","1":"product","2":"type-product","3":"status-publish","4":"has-post-thumbnail","6":"product_cat-agulhas","7":"product_cat-crochet","9":"first","10":"instock","11":"taxable","12":"shipping-taxable","13":"purchasable","14":"product-type-variable"},"_links":{"self":[{"href":"https:\/\/www.avmbianco.com.br\/site\/wp-json\/wp\/v2\/product\/8909","targetHints":{"allow":["GET"]}}],"collection":[{"href":"https:\/\/www.avmbianco.com.br\/site\/wp-json\/wp\/v2\/product"}],"about":[{"href":"https:\/\/www.avmbianco.com.br\/site\/wp-json\/wp\/v2\/types\/product"}],"replies":[{"embeddable":true,"href":"https:\/\/www.avmbianco.com.br\/site\/wp-json\/wp\/v2\/comments?post=8909"}],"wp:featuredmedia":[{"embeddable":true,"href":"https:\/\/www.avmbianco.com.br\/site\/wp-json\/wp\/v2\/media\/17272"}],"wp:attachment":[{"href":"https:\/\/www.avmbianco.com.br\/site\/wp-json\/wp\/v2\/media?parent=8909"}],"wp:term":[{"taxonomy":"product_brand","embeddable":true,"href":"https:\/\/www.avmbianco.com.br\/site\/wp-json\/wp\/v2\/product_brand?post=8909"},{"taxonomy":"product_cat","embeddable":true,"href":"https:\/\/www.avmbianco.com.br\/site\/wp-json\/wp\/v2\/product_cat?post=8909"},{"taxonomy":"product_tag","embeddable":true,"href":"https:\/\/www.avmbianco.com.br\/site\/wp-json\/wp\/v2\/product_tag?post=8909"}],"curies":[{"name":"wp","href":"https:\/\/api.w.org\/{rel}","templated":true}]}}