{"id":8958,"date":"2019-06-25T15:00:12","date_gmt":"2019-06-25T18:00:12","guid":{"rendered":"https:\/\/www.avmbianco.com.br\/site\/?post_type=product&#038;p=8958"},"modified":"2025-07-31T15:13:43","modified_gmt":"2025-07-31T18:13:43","slug":"fita-metrica-coats","status":"publish","type":"product","link":"https:\/\/www.avmbianco.com.br\/site\/produto\/fita-metrica-coats\/","title":{"rendered":"Fita M\u00e9trica Coats"},"content":{"rendered":"","protected":false},"excerpt":{"rendered":"<div id=\"details_fixed\">\n<div id=\"subtitle-content-1\" class=\"subtitle-content\">\n<p>Fita M\u00e9trica Coats Corrente<br \/>\nComposi\u00e7\u00e3o: 95% PVC | 5% Fibra de Vidro<\/p>\n<p>Com 1,50m<\/p>\n<p>Para uso dom\u00e9stico com marca\u00e7\u00e3o especial para alfaiates.<\/p>\n<\/div>\n<\/div>\n<div id=\"crossSelling\"><\/div>\n","protected":false},"featured_media":8951,"comment_status":"open","ping_status":"closed","template":"","meta":[],"product_brand":[],"product_cat":[23,829],"product_tag":[],"class_list":{"0":"post-8958","1":"product","2":"type-product","3":"status-publish","4":"has-post-thumbnail","6":"product_cat-acessorios","7":"product_cat-fita-metrica","9":"first","10":"instock","11":"taxable","12":"shipping-taxable","13":"purchasable","14":"product-type-variable"},"_links":{"self":[{"href":"https:\/\/www.avmbianco.com.br\/site\/wp-json\/wp\/v2\/product\/8958","targetHints":{"allow":["GET"]}}],"collection":[{"href":"https:\/\/www.avmbianco.com.br\/site\/wp-json\/wp\/v2\/product"}],"about":[{"href":"https:\/\/www.avmbianco.com.br\/site\/wp-json\/wp\/v2\/types\/product"}],"replies":[{"embeddable":true,"href":"https:\/\/www.avmbianco.com.br\/site\/wp-json\/wp\/v2\/comments?post=8958"}],"wp:featuredmedia":[{"embeddable":true,"href":"https:\/\/www.avmbianco.com.br\/site\/wp-json\/wp\/v2\/media\/8951"}],"wp:attachment":[{"href":"https:\/\/www.avmbianco.com.br\/site\/wp-json\/wp\/v2\/media?parent=8958"}],"wp:term":[{"taxonomy":"product_brand","embeddable":true,"href":"https:\/\/www.avmbianco.com.br\/site\/wp-json\/wp\/v2\/product_brand?post=8958"},{"taxonomy":"product_cat","embeddable":true,"href":"https:\/\/www.avmbianco.com.br\/site\/wp-json\/wp\/v2\/product_cat?post=8958"},{"taxonomy":"product_tag","embeddable":true,"href":"https:\/\/www.avmbianco.com.br\/site\/wp-json\/wp\/v2\/product_tag?post=8958"}],"curies":[{"name":"wp","href":"https:\/\/api.w.org\/{rel}","templated":true}]}}