{"id":9003,"date":"2019-06-26T12:17:46","date_gmt":"2019-06-26T15:17:46","guid":{"rendered":"https:\/\/www.avmbianco.com.br\/site\/?post_type=product&#038;p=9003"},"modified":"2025-04-22T08:51:54","modified_gmt":"2025-04-22T11:51:54","slug":"etiquetadora-mx5500","status":"publish","type":"product","link":"https:\/\/www.avmbianco.com.br\/site\/produto\/etiquetadora-mx5500\/","title":{"rendered":"Etiquetadora MX5500"},"content":{"rendered":"","protected":false},"excerpt":{"rendered":"<p>A etiquetadora\u00a0 MX5500 Eos imprime at\u00e9 8 d\u00edgitos em 1 linha de impress\u00e3o.- Ideal para marcar pre\u00e7os, c\u00f3digos e datas.- Utiliza etiquetas de 21mm x 12mm.- Possui design s\u00f3lido e moderno.- \u00c9 leve e resistente.- Sistema de abertura instant\u00e2neo.- Opera\u00e7\u00e3o macia e precisa.- Posi\u00e7\u00e3o de impress\u00e3o regul\u00e1vel.- Tinteiro descart\u00e1vel.- Baixa manuten\u00e7\u00e3o.<\/p>\n","protected":false},"featured_media":8982,"comment_status":"open","ping_status":"closed","template":"","meta":[],"product_brand":[],"product_cat":[23],"product_tag":[],"class_list":{"0":"post-9003","1":"product","2":"type-product","3":"status-publish","4":"has-post-thumbnail","6":"product_cat-acessorios","8":"first","9":"outofstock","10":"taxable","11":"shipping-taxable","12":"purchasable","13":"product-type-simple"},"_links":{"self":[{"href":"https:\/\/www.avmbianco.com.br\/site\/wp-json\/wp\/v2\/product\/9003","targetHints":{"allow":["GET"]}}],"collection":[{"href":"https:\/\/www.avmbianco.com.br\/site\/wp-json\/wp\/v2\/product"}],"about":[{"href":"https:\/\/www.avmbianco.com.br\/site\/wp-json\/wp\/v2\/types\/product"}],"replies":[{"embeddable":true,"href":"https:\/\/www.avmbianco.com.br\/site\/wp-json\/wp\/v2\/comments?post=9003"}],"wp:featuredmedia":[{"embeddable":true,"href":"https:\/\/www.avmbianco.com.br\/site\/wp-json\/wp\/v2\/media\/8982"}],"wp:attachment":[{"href":"https:\/\/www.avmbianco.com.br\/site\/wp-json\/wp\/v2\/media?parent=9003"}],"wp:term":[{"taxonomy":"product_brand","embeddable":true,"href":"https:\/\/www.avmbianco.com.br\/site\/wp-json\/wp\/v2\/product_brand?post=9003"},{"taxonomy":"product_cat","embeddable":true,"href":"https:\/\/www.avmbianco.com.br\/site\/wp-json\/wp\/v2\/product_cat?post=9003"},{"taxonomy":"product_tag","embeddable":true,"href":"https:\/\/www.avmbianco.com.br\/site\/wp-json\/wp\/v2\/product_tag?post=9003"}],"curies":[{"name":"wp","href":"https:\/\/api.w.org\/{rel}","templated":true}]}}