{"id":9006,"date":"2019-06-26T12:40:29","date_gmt":"2019-06-26T15:40:29","guid":{"rendered":"https:\/\/www.avmbianco.com.br\/site\/?post_type=product&#038;p=9006"},"modified":"2025-04-17T16:04:04","modified_gmt":"2025-04-17T19:04:04","slug":"lampada-led","status":"publish","type":"product","link":"https:\/\/www.avmbianco.com.br\/site\/produto\/lampada-led\/","title":{"rendered":"Lumin\u00e1ria L\u00e2mpada Led"},"content":{"rendered":"","protected":false},"excerpt":{"rendered":"<p>LAMPADA 20 LEDS P\/ MAQUINA DE COSTURA INDUSTRIAL E DOMESTICA<\/p>\n<p>Tipos de eletrodom\u00e9sticos compat\u00edveis: MAQUINAS DE COSTURA<br \/>\nMarcas compat\u00edveis: TODAS<br \/>\nModelos compat\u00edveis: TODOS<br \/>\nModelo: LD-20B<\/p>\n<p>D\u00favidas frequentes:<\/p>\n<p>P: VEM COM CABO LIGA\u00c7\u00c3O NA TOMADA?<br \/>\nR: N\u00c3O, A INSTALA\u00c7\u00c3O DEVE SER FEITA NO LIGA DESLIGA DA MAQUINA OU COMPRAR A ENTRADA DE TOMADA SEPARADAMENTE<\/p>\n<p>P: O LED \u00c9 FORTE?<br \/>\nR: SIM<\/p>\n<p>P: QUAL O TAMANHO DO CABO?<br \/>\nR: 130CM<\/p>\n<p>Ideal para ilumina\u00e7\u00e3o de m\u00e1quinas de costura, bordado, equipamentos, mesas de som, computadores, escrit\u00f3rios, e locais que necessitem de ilumina\u00e7\u00e3o.<\/p>\n","protected":false},"featured_media":8986,"comment_status":"open","ping_status":"closed","template":"","meta":[],"product_brand":[],"product_cat":[23],"product_tag":[],"class_list":{"0":"post-9006","1":"product","2":"type-product","3":"status-publish","4":"has-post-thumbnail","6":"product_cat-acessorios","8":"first","9":"outofstock","10":"taxable","11":"shipping-taxable","12":"purchasable","13":"product-type-simple"},"_links":{"self":[{"href":"https:\/\/www.avmbianco.com.br\/site\/wp-json\/wp\/v2\/product\/9006","targetHints":{"allow":["GET"]}}],"collection":[{"href":"https:\/\/www.avmbianco.com.br\/site\/wp-json\/wp\/v2\/product"}],"about":[{"href":"https:\/\/www.avmbianco.com.br\/site\/wp-json\/wp\/v2\/types\/product"}],"replies":[{"embeddable":true,"href":"https:\/\/www.avmbianco.com.br\/site\/wp-json\/wp\/v2\/comments?post=9006"}],"wp:featuredmedia":[{"embeddable":true,"href":"https:\/\/www.avmbianco.com.br\/site\/wp-json\/wp\/v2\/media\/8986"}],"wp:attachment":[{"href":"https:\/\/www.avmbianco.com.br\/site\/wp-json\/wp\/v2\/media?parent=9006"}],"wp:term":[{"taxonomy":"product_brand","embeddable":true,"href":"https:\/\/www.avmbianco.com.br\/site\/wp-json\/wp\/v2\/product_brand?post=9006"},{"taxonomy":"product_cat","embeddable":true,"href":"https:\/\/www.avmbianco.com.br\/site\/wp-json\/wp\/v2\/product_cat?post=9006"},{"taxonomy":"product_tag","embeddable":true,"href":"https:\/\/www.avmbianco.com.br\/site\/wp-json\/wp\/v2\/product_tag?post=9006"}],"curies":[{"name":"wp","href":"https:\/\/api.w.org\/{rel}","templated":true}]}}