{"id":9007,"date":"2019-06-26T12:46:56","date_gmt":"2019-06-26T15:46:56","guid":{"rendered":"https:\/\/www.avmbianco.com.br\/site\/?post_type=product&#038;p=9007"},"modified":"2019-06-26T12:47:26","modified_gmt":"2019-06-26T15:47:26","slug":"porta-durex-1002","status":"publish","type":"product","link":"https:\/\/www.avmbianco.com.br\/site\/produto\/porta-durex-1002\/","title":{"rendered":"Porta Durex 1002"},"content":{"rendered":"","protected":false},"excerpt":{"rendered":"<p>Indispens\u00e1vel para uso em escrit\u00f3rio,escolas,expedi\u00e7\u00e3o,uso dom\u00e9stico.<\/p>\n<p><b>Caracter\u00edsticas<\/b><\/p>\n<ul>\n<li>Base anti-derrapante<\/li>\n<li>Permite acoplamento de fitas com di\u00e2metros de 1&#8243; e 3&#8243;<\/li>\n<li>Especial para corte de fita de polipropileno, onde a fun\u00e7\u00e3o da l\u00e2mina \u00e9 mais exigida<\/li>\n<li>Totalmente lacrado, evitando o descolamento do material utilizado como peso.<b>Capacidade<\/b><\/li>\n<li>Rolos de fitas medindo: 12&#215;33, 12&#215;50, 12&#215;65<br \/>\n19&#215;50, 19&#215;65, 20&#215;50 e 25&#215;50 (todas em mm)<b>Composi\u00e7\u00e3o<\/b><\/li>\n<li>L\u00e2mina de a\u00e7o inox e corpo injetado em poliestireno<\/li>\n<\/ul>\n<p>&nbsp;<\/p>\n","protected":false},"featured_media":9002,"comment_status":"open","ping_status":"closed","template":"","meta":[],"product_brand":[],"product_cat":[23],"product_tag":[],"class_list":{"0":"post-9007","1":"product","2":"type-product","3":"status-publish","4":"has-post-thumbnail","6":"product_cat-acessorios","8":"first","9":"instock","10":"taxable","11":"shipping-taxable","12":"purchasable","13":"product-type-simple"},"_links":{"self":[{"href":"https:\/\/www.avmbianco.com.br\/site\/wp-json\/wp\/v2\/product\/9007","targetHints":{"allow":["GET"]}}],"collection":[{"href":"https:\/\/www.avmbianco.com.br\/site\/wp-json\/wp\/v2\/product"}],"about":[{"href":"https:\/\/www.avmbianco.com.br\/site\/wp-json\/wp\/v2\/types\/product"}],"replies":[{"embeddable":true,"href":"https:\/\/www.avmbianco.com.br\/site\/wp-json\/wp\/v2\/comments?post=9007"}],"wp:featuredmedia":[{"embeddable":true,"href":"https:\/\/www.avmbianco.com.br\/site\/wp-json\/wp\/v2\/media\/9002"}],"wp:attachment":[{"href":"https:\/\/www.avmbianco.com.br\/site\/wp-json\/wp\/v2\/media?parent=9007"}],"wp:term":[{"taxonomy":"product_brand","embeddable":true,"href":"https:\/\/www.avmbianco.com.br\/site\/wp-json\/wp\/v2\/product_brand?post=9007"},{"taxonomy":"product_cat","embeddable":true,"href":"https:\/\/www.avmbianco.com.br\/site\/wp-json\/wp\/v2\/product_cat?post=9007"},{"taxonomy":"product_tag","embeddable":true,"href":"https:\/\/www.avmbianco.com.br\/site\/wp-json\/wp\/v2\/product_tag?post=9007"}],"curies":[{"name":"wp","href":"https:\/\/api.w.org\/{rel}","templated":true}]}}