{"id":9014,"date":"2019-06-26T14:43:38","date_gmt":"2019-06-26T17:43:38","guid":{"rendered":"https:\/\/www.avmbianco.com.br\/site\/?post_type=product&#038;p=9014"},"modified":"2025-04-17T15:51:05","modified_gmt":"2025-04-17T18:51:05","slug":"lampada-para-luminaria-de-pino","status":"publish","type":"product","link":"https:\/\/www.avmbianco.com.br\/site\/produto\/lampada-para-luminaria-de-pino\/","title":{"rendered":"L\u00e2mpada Para Lumin\u00e1ria de Pino"},"content":{"rendered":"","protected":false},"excerpt":{"rendered":"<p><strong>L\u00e2mpada para Lumin\u00e1ria de Pino 7w<\/strong><\/p>\n<p><strong>Marca: Westman HK-125<\/strong><\/p>\n<p><strong>Origem: Brasil<\/strong><\/p>\n<p><strong>Uso: Lumin\u00e1ria<\/strong><\/p>\n","protected":false},"featured_media":8996,"comment_status":"open","ping_status":"closed","template":"","meta":[],"product_brand":[],"product_cat":[23],"product_tag":[],"class_list":{"0":"post-9014","1":"product","2":"type-product","3":"status-publish","4":"has-post-thumbnail","6":"product_cat-acessorios","8":"first","9":"outofstock","10":"taxable","11":"shipping-taxable","12":"purchasable","13":"product-type-simple"},"_links":{"self":[{"href":"https:\/\/www.avmbianco.com.br\/site\/wp-json\/wp\/v2\/product\/9014","targetHints":{"allow":["GET"]}}],"collection":[{"href":"https:\/\/www.avmbianco.com.br\/site\/wp-json\/wp\/v2\/product"}],"about":[{"href":"https:\/\/www.avmbianco.com.br\/site\/wp-json\/wp\/v2\/types\/product"}],"replies":[{"embeddable":true,"href":"https:\/\/www.avmbianco.com.br\/site\/wp-json\/wp\/v2\/comments?post=9014"}],"wp:featuredmedia":[{"embeddable":true,"href":"https:\/\/www.avmbianco.com.br\/site\/wp-json\/wp\/v2\/media\/8996"}],"wp:attachment":[{"href":"https:\/\/www.avmbianco.com.br\/site\/wp-json\/wp\/v2\/media?parent=9014"}],"wp:term":[{"taxonomy":"product_brand","embeddable":true,"href":"https:\/\/www.avmbianco.com.br\/site\/wp-json\/wp\/v2\/product_brand?post=9014"},{"taxonomy":"product_cat","embeddable":true,"href":"https:\/\/www.avmbianco.com.br\/site\/wp-json\/wp\/v2\/product_cat?post=9014"},{"taxonomy":"product_tag","embeddable":true,"href":"https:\/\/www.avmbianco.com.br\/site\/wp-json\/wp\/v2\/product_tag?post=9014"}],"curies":[{"name":"wp","href":"https:\/\/api.w.org\/{rel}","templated":true}]}}