{"id":9151,"date":"2019-07-02T16:30:28","date_gmt":"2019-07-02T19:30:28","guid":{"rendered":"https:\/\/www.avmbianco.com.br\/site\/?post_type=product&#038;p=9151"},"modified":"2023-11-10T09:02:51","modified_gmt":"2023-11-10T12:02:51","slug":"alicate-2-em-1-para-furar-e-aplicar-ilhos","status":"publish","type":"product","link":"https:\/\/www.avmbianco.com.br\/site\/produto\/alicate-2-em-1-para-furar-e-aplicar-ilhos\/","title":{"rendered":"Alicate 2 em 1 Para Furar e Aplicar Ilhos"},"content":{"rendered":"","protected":false},"excerpt":{"rendered":"<p>Alicate para vazar (furar) e tamb\u00e9m para aplicar o ilh\u00f3s em cintos, bolsas, cal\u00e7a jeans, enfeites, eva, papel, cartonagem e artesanato em geral.<\/p>\n<p>Acompanha 100 ilhoses douradas<\/p>\n<p>Di\u00e2metro interno ilh\u00f3s: 5mm<\/p>\n<p>Di\u00e2metro externo ilh\u00f3s: 7mm<\/p>\n<p>Altura Ilh\u00f3s: 3mm<\/p>\n<p>&nbsp;<\/p>\n","protected":false},"featured_media":15377,"comment_status":"open","ping_status":"closed","template":"","meta":[],"product_brand":[],"product_cat":[23,454,455],"product_tag":[],"class_list":{"0":"post-9151","1":"product","2":"type-product","3":"status-publish","4":"has-post-thumbnail","6":"product_cat-acessorios","7":"product_cat-alicate","8":"product_cat-furador","10":"first","11":"instock","12":"taxable","13":"shipping-taxable","14":"purchasable","15":"product-type-simple"},"_links":{"self":[{"href":"https:\/\/www.avmbianco.com.br\/site\/wp-json\/wp\/v2\/product\/9151","targetHints":{"allow":["GET"]}}],"collection":[{"href":"https:\/\/www.avmbianco.com.br\/site\/wp-json\/wp\/v2\/product"}],"about":[{"href":"https:\/\/www.avmbianco.com.br\/site\/wp-json\/wp\/v2\/types\/product"}],"replies":[{"embeddable":true,"href":"https:\/\/www.avmbianco.com.br\/site\/wp-json\/wp\/v2\/comments?post=9151"}],"wp:featuredmedia":[{"embeddable":true,"href":"https:\/\/www.avmbianco.com.br\/site\/wp-json\/wp\/v2\/media\/15377"}],"wp:attachment":[{"href":"https:\/\/www.avmbianco.com.br\/site\/wp-json\/wp\/v2\/media?parent=9151"}],"wp:term":[{"taxonomy":"product_brand","embeddable":true,"href":"https:\/\/www.avmbianco.com.br\/site\/wp-json\/wp\/v2\/product_brand?post=9151"},{"taxonomy":"product_cat","embeddable":true,"href":"https:\/\/www.avmbianco.com.br\/site\/wp-json\/wp\/v2\/product_cat?post=9151"},{"taxonomy":"product_tag","embeddable":true,"href":"https:\/\/www.avmbianco.com.br\/site\/wp-json\/wp\/v2\/product_tag?post=9151"}],"curies":[{"name":"wp","href":"https:\/\/api.w.org\/{rel}","templated":true}]}}