{"id":9152,"date":"2019-07-02T16:38:25","date_gmt":"2019-07-02T19:38:25","guid":{"rendered":"https:\/\/www.avmbianco.com.br\/site\/?post_type=product&#038;p=9152"},"modified":"2025-05-05T15:33:41","modified_gmt":"2025-05-05T18:33:41","slug":"kit-abracadeiras-de-nylon","status":"publish","type":"product","link":"https:\/\/www.avmbianco.com.br\/site\/produto\/kit-abracadeiras-de-nylon\/","title":{"rendered":"Kit Abra\u00e7adeiras de Nylon"},"content":{"rendered":"","protected":false},"excerpt":{"rendered":"<p>Kit Abra\u00e7adeira de Nylon<br \/>\nCor Branco<br \/>\nCont\u00e9m:<br \/>\n30 Unidades 2.5 MM X 100 MM<br \/>\n30 Unidades 2.5 MM X 150 MM<br \/>\n20 Unidades 2.5 MM X 200 MM<\/p>\n<p>Ideal para o uso dom\u00e9stico e industrial, para a fixa\u00e7\u00e3o de cabos, bicicletas, motor, embalagens, etc&#8230;<\/p>\n","protected":false},"featured_media":9144,"comment_status":"open","ping_status":"closed","template":"","meta":[],"product_brand":[],"product_cat":[23],"product_tag":[],"class_list":{"0":"post-9152","1":"product","2":"type-product","3":"status-publish","4":"has-post-thumbnail","6":"product_cat-acessorios","8":"first","9":"instock","10":"taxable","11":"shipping-taxable","12":"purchasable","13":"product-type-simple"},"_links":{"self":[{"href":"https:\/\/www.avmbianco.com.br\/site\/wp-json\/wp\/v2\/product\/9152","targetHints":{"allow":["GET"]}}],"collection":[{"href":"https:\/\/www.avmbianco.com.br\/site\/wp-json\/wp\/v2\/product"}],"about":[{"href":"https:\/\/www.avmbianco.com.br\/site\/wp-json\/wp\/v2\/types\/product"}],"replies":[{"embeddable":true,"href":"https:\/\/www.avmbianco.com.br\/site\/wp-json\/wp\/v2\/comments?post=9152"}],"wp:featuredmedia":[{"embeddable":true,"href":"https:\/\/www.avmbianco.com.br\/site\/wp-json\/wp\/v2\/media\/9144"}],"wp:attachment":[{"href":"https:\/\/www.avmbianco.com.br\/site\/wp-json\/wp\/v2\/media?parent=9152"}],"wp:term":[{"taxonomy":"product_brand","embeddable":true,"href":"https:\/\/www.avmbianco.com.br\/site\/wp-json\/wp\/v2\/product_brand?post=9152"},{"taxonomy":"product_cat","embeddable":true,"href":"https:\/\/www.avmbianco.com.br\/site\/wp-json\/wp\/v2\/product_cat?post=9152"},{"taxonomy":"product_tag","embeddable":true,"href":"https:\/\/www.avmbianco.com.br\/site\/wp-json\/wp\/v2\/product_tag?post=9152"}],"curies":[{"name":"wp","href":"https:\/\/api.w.org\/{rel}","templated":true}]}}