{"id":9238,"date":"2019-07-03T15:17:16","date_gmt":"2019-07-03T18:17:16","guid":{"rendered":"https:\/\/www.avmbianco.com.br\/site\/?post_type=product&#038;p=9238"},"modified":"2025-04-22T12:07:31","modified_gmt":"2025-04-22T15:07:31","slug":"fio-cordao-rami-2mm","status":"publish","type":"product","link":"https:\/\/www.avmbianco.com.br\/site\/produto\/fio-cordao-rami-2mm\/","title":{"rendered":"Fio De Juta &#8211;  2mm"},"content":{"rendered":"","protected":false},"excerpt":{"rendered":"<div class=\"vtex-flex-layout-0-x-flexRow vtex-flex-layout-0-x-flexRow--productDescription--pdp\" aria-label=\"Linha de sess\u00e3o\">\n<div class=\"flex mt0 mb7 pt0 pb0    justify-between vtex-flex-layout-0-x-flexRowContent vtex-flex-layout-0-x-flexRowContent--productDescription--pdp items-stretch w-100\">\n<div class=\"pr0 items-stretch vtex-flex-layout-0-x-stretchChildrenWidth   flex\">\n<div class=\"vtex-store-components-3-x-productDescriptionContainer\">\n<div class=\"vtex-store-components-3-x-productDescriptionText c-muted-1\">\n<div class=\"vtex-store-components-3-x-container relative\">\n<div class=\"vtex-store-components-3-x-content h-auto\">O Fio de Juta Luli 2mm \u00e9 de f\u00e1cil manuseio, pr\u00f3prio para artesanato, decora\u00e7\u00e3o, fabrica\u00e7\u00e3o de lumin\u00e1rias, bijuterias entre outros trabalhos artesanais.<\/div>\n<\/div>\n<\/div>\n<\/div>\n<\/div>\n<div class=\"pr0 items-stretch vtex-flex-layout-0-x-stretchChildrenWidth   flex\">\n<div id=\"descricao-caracteristicas\" class=\"vtex-flex-layout-0-x-flexRow vtex-flex-layout-0-x-flexRow--scrollTo--pdp\" aria-label=\"Linha #\">\n<div class=\"flex mt0 mb0 pt0 pb0    justify-start vtex-flex-layout-0-x-flexRowContent vtex-flex-layout-0-x-flexRowContent--scrollTo--pdp items-stretch w-100\">CARACTER\u00cdSTICAS DO PRODUTO<\/div>\n<\/div>\n<\/div>\n<\/div>\n<\/div>\n<div class=\"vtex-flex-layout-0-x-flexRow vtex-flex-layout-0-x-flexRow--specifications--core\" aria-label=\"Linha de sess\u00e3o\">\n<div class=\"flex mt0 mb0 pt0 pb0    justify-start vtex-flex-layout-0-x-flexRowContent vtex-flex-layout-0-x-flexRowContent--specifications--core items-stretch w-100\">\n<div class=\"pr0 items-stretch vtex-flex-layout-0-x-stretchChildrenWidth   flex\">\n<p class=\"maluli-maluliapp-0-x-specBox\">Marca: Luli<br \/>\nComposi\u00e7\u00e3o: 100% Juta<\/p>\n<\/div>\n<\/div>\n<\/div>\n","protected":false},"featured_media":17336,"comment_status":"open","ping_status":"closed","template":"","meta":[],"product_brand":[],"product_cat":[641,491],"product_tag":[],"class_list":{"0":"post-9238","1":"product","2":"type-product","3":"status-publish","4":"has-post-thumbnail","6":"product_cat-fio","7":"product_cat-juta","9":"first","10":"instock","11":"taxable","12":"shipping-taxable","13":"purchasable","14":"product-type-variable"},"_links":{"self":[{"href":"https:\/\/www.avmbianco.com.br\/site\/wp-json\/wp\/v2\/product\/9238","targetHints":{"allow":["GET"]}}],"collection":[{"href":"https:\/\/www.avmbianco.com.br\/site\/wp-json\/wp\/v2\/product"}],"about":[{"href":"https:\/\/www.avmbianco.com.br\/site\/wp-json\/wp\/v2\/types\/product"}],"replies":[{"embeddable":true,"href":"https:\/\/www.avmbianco.com.br\/site\/wp-json\/wp\/v2\/comments?post=9238"}],"wp:featuredmedia":[{"embeddable":true,"href":"https:\/\/www.avmbianco.com.br\/site\/wp-json\/wp\/v2\/media\/17336"}],"wp:attachment":[{"href":"https:\/\/www.avmbianco.com.br\/site\/wp-json\/wp\/v2\/media?parent=9238"}],"wp:term":[{"taxonomy":"product_brand","embeddable":true,"href":"https:\/\/www.avmbianco.com.br\/site\/wp-json\/wp\/v2\/product_brand?post=9238"},{"taxonomy":"product_cat","embeddable":true,"href":"https:\/\/www.avmbianco.com.br\/site\/wp-json\/wp\/v2\/product_cat?post=9238"},{"taxonomy":"product_tag","embeddable":true,"href":"https:\/\/www.avmbianco.com.br\/site\/wp-json\/wp\/v2\/product_tag?post=9238"}],"curies":[{"name":"wp","href":"https:\/\/api.w.org\/{rel}","templated":true}]}}