{"id":9239,"date":"2019-07-03T15:26:06","date_gmt":"2019-07-03T18:26:06","guid":{"rendered":"https:\/\/www.avmbianco.com.br\/site\/?post_type=product&#038;p=9239"},"modified":"2025-04-22T11:56:30","modified_gmt":"2025-04-22T14:56:30","slug":"fio-de-juta-2005","status":"publish","type":"product","link":"https:\/\/www.avmbianco.com.br\/site\/produto\/fio-de-juta-2005\/","title":{"rendered":"Fio De Sisal S\/ Rasar 200\/1"},"content":{"rendered":"<p>Adquira agora mesmo o fio de sisal Luli e d\u00ea vida a projetos criativos e sustent\u00e1veis. Com esse material de qualidade, voc\u00ea ter\u00e1 a garantia de resultados excepcionais e a satisfa\u00e7\u00e3o de estar contribuindo para um estilo de vida mais consciente. Aproveite todos os benef\u00edcios do fio de sisal em suas cria\u00e7\u00f5es e encante a todos com sua habilidade art\u00edstica<\/p>\n","protected":false},"excerpt":{"rendered":"<div class=\"vtex-flex-layout-0-x-flexRow vtex-flex-layout-0-x-flexRow--productDescription--pdp\" aria-label=\"Linha de sess\u00e3o\">\n<div class=\"flex mt0 mb7 pt0 pb0    justify-between vtex-flex-layout-0-x-flexRowContent vtex-flex-layout-0-x-flexRowContent--productDescription--pdp items-stretch w-100\">\n<div class=\"pr0 items-stretch vtex-flex-layout-0-x-stretchChildrenWidth   flex\">\n<div class=\"vtex-store-components-3-x-productDescriptionContainer\">\n<div class=\"vtex-store-components-3-x-productDescriptionText c-muted-1\">\n<div class=\"vtex-store-components-3-x-container relative\">\n<div class=\"vtex-store-components-3-x-content h-auto\">CARACTER\u00cdSTICAS DO PRODUTO<\/div>\n<\/div>\n<\/div>\n<\/div>\n<\/div>\n<\/div>\n<\/div>\n<div class=\"vtex-flex-layout-0-x-flexRow vtex-flex-layout-0-x-flexRow--specifications--core\" aria-label=\"Linha de sess\u00e3o\">\n<div class=\"flex mt0 mb0 pt0 pb0    justify-start vtex-flex-layout-0-x-flexRowContent vtex-flex-layout-0-x-flexRowContent--specifications--core items-stretch w-100\">\n<div class=\"pr0 items-stretch vtex-flex-layout-0-x-stretchChildrenWidth   flex\">\n<p class=\"maluli-maluliapp-0-x-specBox\">Marca: Luli<br \/>\nComposi\u00e7\u00e3o: 100% Fibras de Sisal Natural<br \/>\nUnidade de venda: 1 Rolo com 1KG (Aproximadamente 180 metros)<br \/>\nLargura: 2,9 Mil\u00edmetros.<\/p>\n<\/div>\n<\/div>\n<\/div>\n","protected":false},"featured_media":17331,"comment_status":"open","ping_status":"closed","template":"","meta":[],"product_brand":[],"product_cat":[641,491],"product_tag":[],"class_list":{"0":"post-9239","1":"product","2":"type-product","3":"status-publish","4":"has-post-thumbnail","6":"product_cat-fio","7":"product_cat-juta","9":"first","10":"instock","11":"taxable","12":"shipping-taxable","13":"purchasable","14":"product-type-simple"},"_links":{"self":[{"href":"https:\/\/www.avmbianco.com.br\/site\/wp-json\/wp\/v2\/product\/9239","targetHints":{"allow":["GET"]}}],"collection":[{"href":"https:\/\/www.avmbianco.com.br\/site\/wp-json\/wp\/v2\/product"}],"about":[{"href":"https:\/\/www.avmbianco.com.br\/site\/wp-json\/wp\/v2\/types\/product"}],"replies":[{"embeddable":true,"href":"https:\/\/www.avmbianco.com.br\/site\/wp-json\/wp\/v2\/comments?post=9239"}],"wp:featuredmedia":[{"embeddable":true,"href":"https:\/\/www.avmbianco.com.br\/site\/wp-json\/wp\/v2\/media\/17331"}],"wp:attachment":[{"href":"https:\/\/www.avmbianco.com.br\/site\/wp-json\/wp\/v2\/media?parent=9239"}],"wp:term":[{"taxonomy":"product_brand","embeddable":true,"href":"https:\/\/www.avmbianco.com.br\/site\/wp-json\/wp\/v2\/product_brand?post=9239"},{"taxonomy":"product_cat","embeddable":true,"href":"https:\/\/www.avmbianco.com.br\/site\/wp-json\/wp\/v2\/product_cat?post=9239"},{"taxonomy":"product_tag","embeddable":true,"href":"https:\/\/www.avmbianco.com.br\/site\/wp-json\/wp\/v2\/product_tag?post=9239"}],"curies":[{"name":"wp","href":"https:\/\/api.w.org\/{rel}","templated":true}]}}