{"id":9301,"date":"2019-07-04T13:05:30","date_gmt":"2019-07-04T16:05:30","guid":{"rendered":"https:\/\/www.avmbianco.com.br\/site\/?post_type=product&#038;p=9301"},"modified":"2021-10-14T16:32:47","modified_gmt":"2021-10-14T19:32:47","slug":"botao-poliester-c-pe-preto","status":"publish","type":"product","link":"https:\/\/www.avmbianco.com.br\/site\/produto\/botao-poliester-c-pe-preto\/","title":{"rendered":"Bot\u00e3o Poli\u00e9ster Preto c\/ P\u00e9"},"content":{"rendered":"","protected":false},"excerpt":{"rendered":"<p>Bot\u00e3o Poli\u00e9ster<br \/>\nCor:Preto<br \/>\nMaterial: Poli\u00e9ster<br \/>\nBot\u00e3o sem furo e com p\u00e9.<\/p>\n<p>Cont\u00e9m:144p\u00e7<\/p>\n<p><strong>**Consulte Tamanho Dispon\u00edvel**<\/strong><\/p>\n","protected":false},"featured_media":9281,"comment_status":"open","ping_status":"closed","template":"","meta":[],"product_brand":[],"product_cat":[24],"product_tag":[],"class_list":{"0":"post-9301","1":"product","2":"type-product","3":"status-publish","4":"has-post-thumbnail","6":"product_cat-botoes","8":"first","9":"outofstock","10":"taxable","11":"shipping-taxable","12":"purchasable","13":"product-type-variable"},"_links":{"self":[{"href":"https:\/\/www.avmbianco.com.br\/site\/wp-json\/wp\/v2\/product\/9301","targetHints":{"allow":["GET"]}}],"collection":[{"href":"https:\/\/www.avmbianco.com.br\/site\/wp-json\/wp\/v2\/product"}],"about":[{"href":"https:\/\/www.avmbianco.com.br\/site\/wp-json\/wp\/v2\/types\/product"}],"replies":[{"embeddable":true,"href":"https:\/\/www.avmbianco.com.br\/site\/wp-json\/wp\/v2\/comments?post=9301"}],"wp:featuredmedia":[{"embeddable":true,"href":"https:\/\/www.avmbianco.com.br\/site\/wp-json\/wp\/v2\/media\/9281"}],"wp:attachment":[{"href":"https:\/\/www.avmbianco.com.br\/site\/wp-json\/wp\/v2\/media?parent=9301"}],"wp:term":[{"taxonomy":"product_brand","embeddable":true,"href":"https:\/\/www.avmbianco.com.br\/site\/wp-json\/wp\/v2\/product_brand?post=9301"},{"taxonomy":"product_cat","embeddable":true,"href":"https:\/\/www.avmbianco.com.br\/site\/wp-json\/wp\/v2\/product_cat?post=9301"},{"taxonomy":"product_tag","embeddable":true,"href":"https:\/\/www.avmbianco.com.br\/site\/wp-json\/wp\/v2\/product_tag?post=9301"}],"curies":[{"name":"wp","href":"https:\/\/api.w.org\/{rel}","templated":true}]}}