{"id":9306,"date":"2019-07-04T15:01:23","date_gmt":"2019-07-04T18:01:23","guid":{"rendered":"https:\/\/www.avmbianco.com.br\/site\/?post_type=product&#038;p=9306"},"modified":"2025-05-06T12:09:19","modified_gmt":"2025-05-06T15:09:19","slug":"botao-nylon-preto-25mm-c-strass","status":"publish","type":"product","link":"https:\/\/www.avmbianco.com.br\/site\/produto\/botao-nylon-preto-25mm-c-strass\/","title":{"rendered":"Bot\u00e3o Nylon Preto 25mm c\/ Strass"},"content":{"rendered":"<p>Bot\u00e3o Poli\u00e9ster 2017 &#8211; 21 &#8211; Cor Branco dispon\u00edvel no tamanho 15mm tamb\u00e9m<br \/>\nCor: 101 &#8211; Branco<br \/>\nMaterial: Poli\u00e9ster<br \/>\nBot\u00e3o com 2 furos<\/p>\n<p>Cont\u00e9m:144p\u00e7<\/p>\n<p>Tamanho: 21mm de di\u00e2metro<\/p>\n","protected":false},"excerpt":{"rendered":"<p>Bot\u00e3o Nylon 25<br \/>\nCor:Preto com 4 strass e desenhado uma flor.<br \/>\nMaterial:\u00a0Nylon<br \/>\nBot\u00e3o com 2 furos<\/p>\n<p>Cont\u00e9m:144p\u00e7<\/p>\n<p>Tamanho: 25mm de di\u00e2metro<\/p>\n","protected":false},"featured_media":9284,"comment_status":"open","ping_status":"closed","template":"","meta":[],"product_brand":[],"product_cat":[24],"product_tag":[],"class_list":{"0":"post-9306","1":"product","2":"type-product","3":"status-publish","4":"has-post-thumbnail","6":"product_cat-botoes","8":"first","9":"outofstock","10":"taxable","11":"shipping-taxable","12":"purchasable","13":"product-type-simple"},"_links":{"self":[{"href":"https:\/\/www.avmbianco.com.br\/site\/wp-json\/wp\/v2\/product\/9306","targetHints":{"allow":["GET"]}}],"collection":[{"href":"https:\/\/www.avmbianco.com.br\/site\/wp-json\/wp\/v2\/product"}],"about":[{"href":"https:\/\/www.avmbianco.com.br\/site\/wp-json\/wp\/v2\/types\/product"}],"replies":[{"embeddable":true,"href":"https:\/\/www.avmbianco.com.br\/site\/wp-json\/wp\/v2\/comments?post=9306"}],"wp:featuredmedia":[{"embeddable":true,"href":"https:\/\/www.avmbianco.com.br\/site\/wp-json\/wp\/v2\/media\/9284"}],"wp:attachment":[{"href":"https:\/\/www.avmbianco.com.br\/site\/wp-json\/wp\/v2\/media?parent=9306"}],"wp:term":[{"taxonomy":"product_brand","embeddable":true,"href":"https:\/\/www.avmbianco.com.br\/site\/wp-json\/wp\/v2\/product_brand?post=9306"},{"taxonomy":"product_cat","embeddable":true,"href":"https:\/\/www.avmbianco.com.br\/site\/wp-json\/wp\/v2\/product_cat?post=9306"},{"taxonomy":"product_tag","embeddable":true,"href":"https:\/\/www.avmbianco.com.br\/site\/wp-json\/wp\/v2\/product_tag?post=9306"}],"curies":[{"name":"wp","href":"https:\/\/api.w.org\/{rel}","templated":true}]}}