{"id":9480,"date":"2019-07-08T17:11:46","date_gmt":"2019-07-08T20:11:46","guid":{"rendered":"https:\/\/www.avmbianco.com.br\/site\/?post_type=product&#038;p=9480"},"modified":"2025-05-06T11:38:56","modified_gmt":"2025-05-06T14:38:56","slug":"ziper-de-plastico-vislon-fixo","status":"publish","type":"product","link":"https:\/\/www.avmbianco.com.br\/site\/produto\/ziper-de-plastico-vislon-fixo\/","title":{"rendered":"Z\u00edper Vislon Fixo"},"content":{"rendered":"","protected":false},"excerpt":{"rendered":"<p>Tipo: Fixo<br \/>\nComposi\u00e7\u00e3o do cadar\u00e7o: 100% Poli\u00e9ster<br \/>\nComposi\u00e7\u00e3o do dente: Nylon<br \/>\nEspessura do dente: 6 mm<\/p>\n<p>Pacote com 50p\u00e7<\/p>\n<p>Z\u00edper de vislon grosso fixo. Muito usado em moda esporte, surf, beach e streetwear, pois os dentes em pl\u00e1stico injetado s\u00e3o resistentes \u00e0 corros\u00e3o mar\u00edtima.<\/p>\n<p>Ideal para\u00a0Sacos, Veste, T\u00eaxtil dom\u00e9stico, Sapatos.<\/p>\n<p><strong>**Consulte Cores e Tamanhos Dispon\u00edveis**<\/strong><\/p>\n","protected":false},"featured_media":9381,"comment_status":"open","ping_status":"closed","template":"","meta":[],"product_brand":[],"product_cat":[882,577],"product_tag":[],"class_list":{"0":"post-9480","1":"product","2":"type-product","3":"status-publish","4":"has-post-thumbnail","6":"product_cat-plastico","7":"product_cat-ziper","9":"first","10":"instock","11":"taxable","12":"shipping-taxable","13":"purchasable","14":"product-type-variable"},"_links":{"self":[{"href":"https:\/\/www.avmbianco.com.br\/site\/wp-json\/wp\/v2\/product\/9480","targetHints":{"allow":["GET"]}}],"collection":[{"href":"https:\/\/www.avmbianco.com.br\/site\/wp-json\/wp\/v2\/product"}],"about":[{"href":"https:\/\/www.avmbianco.com.br\/site\/wp-json\/wp\/v2\/types\/product"}],"replies":[{"embeddable":true,"href":"https:\/\/www.avmbianco.com.br\/site\/wp-json\/wp\/v2\/comments?post=9480"}],"wp:featuredmedia":[{"embeddable":true,"href":"https:\/\/www.avmbianco.com.br\/site\/wp-json\/wp\/v2\/media\/9381"}],"wp:attachment":[{"href":"https:\/\/www.avmbianco.com.br\/site\/wp-json\/wp\/v2\/media?parent=9480"}],"wp:term":[{"taxonomy":"product_brand","embeddable":true,"href":"https:\/\/www.avmbianco.com.br\/site\/wp-json\/wp\/v2\/product_brand?post=9480"},{"taxonomy":"product_cat","embeddable":true,"href":"https:\/\/www.avmbianco.com.br\/site\/wp-json\/wp\/v2\/product_cat?post=9480"},{"taxonomy":"product_tag","embeddable":true,"href":"https:\/\/www.avmbianco.com.br\/site\/wp-json\/wp\/v2\/product_tag?post=9480"}],"curies":[{"name":"wp","href":"https:\/\/api.w.org\/{rel}","templated":true}]}}