{"id":9519,"date":"2019-07-10T11:36:54","date_gmt":"2019-07-10T14:36:54","guid":{"rendered":"https:\/\/www.avmbianco.com.br\/site\/?post_type=product&#038;p=9519"},"modified":"2025-05-06T10:36:08","modified_gmt":"2025-05-06T13:36:08","slug":"ziper-vislon-grosso-dest-ouroprata","status":"publish","type":"product","link":"https:\/\/www.avmbianco.com.br\/site\/produto\/ziper-vislon-grosso-dest-ouroprata\/","title":{"rendered":"Z\u00edper Vislon Grosso Dest. Ouro\/Prata"},"content":{"rendered":"","protected":false},"excerpt":{"rendered":"<p>Cadar\u00e7o 100% Poliester<\/p>\n<p>Trilho: pl\u00e1stico (vislon) grosso 05<\/p>\n<p>Z\u00edper de vislon grosso destac\u00e1vel, com cores diferentes de trilho. Muito usado em moda esporte, surf, beach e streetwear, pois os dentes em pl\u00e1stico injetado s\u00e3o resistentes \u00e0 corros\u00e3o mar\u00edtima.<\/p>\n<p><strong>**Consulte Cores e Tamanhos Dispon\u00edveis**<\/strong><\/p>\n","protected":false},"featured_media":9391,"comment_status":"open","ping_status":"closed","template":"","meta":[],"product_brand":[],"product_cat":[882,577],"product_tag":[],"class_list":{"0":"post-9519","1":"product","2":"type-product","3":"status-publish","4":"has-post-thumbnail","6":"product_cat-plastico","7":"product_cat-ziper","9":"first","10":"instock","11":"taxable","12":"shipping-taxable","13":"purchasable","14":"product-type-variable"},"_links":{"self":[{"href":"https:\/\/www.avmbianco.com.br\/site\/wp-json\/wp\/v2\/product\/9519","targetHints":{"allow":["GET"]}}],"collection":[{"href":"https:\/\/www.avmbianco.com.br\/site\/wp-json\/wp\/v2\/product"}],"about":[{"href":"https:\/\/www.avmbianco.com.br\/site\/wp-json\/wp\/v2\/types\/product"}],"replies":[{"embeddable":true,"href":"https:\/\/www.avmbianco.com.br\/site\/wp-json\/wp\/v2\/comments?post=9519"}],"wp:featuredmedia":[{"embeddable":true,"href":"https:\/\/www.avmbianco.com.br\/site\/wp-json\/wp\/v2\/media\/9391"}],"wp:attachment":[{"href":"https:\/\/www.avmbianco.com.br\/site\/wp-json\/wp\/v2\/media?parent=9519"}],"wp:term":[{"taxonomy":"product_brand","embeddable":true,"href":"https:\/\/www.avmbianco.com.br\/site\/wp-json\/wp\/v2\/product_brand?post=9519"},{"taxonomy":"product_cat","embeddable":true,"href":"https:\/\/www.avmbianco.com.br\/site\/wp-json\/wp\/v2\/product_cat?post=9519"},{"taxonomy":"product_tag","embeddable":true,"href":"https:\/\/www.avmbianco.com.br\/site\/wp-json\/wp\/v2\/product_tag?post=9519"}],"curies":[{"name":"wp","href":"https:\/\/api.w.org\/{rel}","templated":true}]}}