{"id":9568,"date":"2019-07-10T16:41:30","date_gmt":"2019-07-10T19:41:30","guid":{"rendered":"https:\/\/www.avmbianco.com.br\/site\/?post_type=product&#038;p=9568"},"modified":"2025-05-06T10:06:45","modified_gmt":"2025-05-06T13:06:45","slug":"ziper-aluminizado-fixo","status":"publish","type":"product","link":"https:\/\/www.avmbianco.com.br\/site\/produto\/ziper-aluminizado-fixo\/","title":{"rendered":"Z\u00edper Aluminizado Fixo"},"content":{"rendered":"","protected":false},"excerpt":{"rendered":"<p>Z\u00edper Metalizado Aluminizado Fixo cursor n\u00ba5 pacotes com 100p\u00e7<\/p>\n<p>Tipo: Fixo<br \/>\nComposi\u00e7\u00e3o do cadar\u00e7o: Nylon<br \/>\nComposi\u00e7\u00e3o dos dentes: Alum\u00ednio Dourado<\/p>\n<p><strong>**Consulte Cores e Tamanhos Dispon\u00edveis**<\/strong><\/p>\n","protected":false},"featured_media":9541,"comment_status":"open","ping_status":"closed","template":"","meta":[],"product_brand":[],"product_cat":[881,577],"product_tag":[],"class_list":{"0":"post-9568","1":"product","2":"type-product","3":"status-publish","4":"has-post-thumbnail","6":"product_cat-aluminizado","7":"product_cat-ziper","9":"first","10":"instock","11":"taxable","12":"shipping-taxable","13":"purchasable","14":"product-type-variable"},"_links":{"self":[{"href":"https:\/\/www.avmbianco.com.br\/site\/wp-json\/wp\/v2\/product\/9568","targetHints":{"allow":["GET"]}}],"collection":[{"href":"https:\/\/www.avmbianco.com.br\/site\/wp-json\/wp\/v2\/product"}],"about":[{"href":"https:\/\/www.avmbianco.com.br\/site\/wp-json\/wp\/v2\/types\/product"}],"replies":[{"embeddable":true,"href":"https:\/\/www.avmbianco.com.br\/site\/wp-json\/wp\/v2\/comments?post=9568"}],"wp:featuredmedia":[{"embeddable":true,"href":"https:\/\/www.avmbianco.com.br\/site\/wp-json\/wp\/v2\/media\/9541"}],"wp:attachment":[{"href":"https:\/\/www.avmbianco.com.br\/site\/wp-json\/wp\/v2\/media?parent=9568"}],"wp:term":[{"taxonomy":"product_brand","embeddable":true,"href":"https:\/\/www.avmbianco.com.br\/site\/wp-json\/wp\/v2\/product_brand?post=9568"},{"taxonomy":"product_cat","embeddable":true,"href":"https:\/\/www.avmbianco.com.br\/site\/wp-json\/wp\/v2\/product_cat?post=9568"},{"taxonomy":"product_tag","embeddable":true,"href":"https:\/\/www.avmbianco.com.br\/site\/wp-json\/wp\/v2\/product_tag?post=9568"}],"curies":[{"name":"wp","href":"https:\/\/api.w.org\/{rel}","templated":true}]}}