{"id":9580,"date":"2019-07-11T10:48:28","date_gmt":"2019-07-11T13:48:28","guid":{"rendered":"https:\/\/www.avmbianco.com.br\/site\/?post_type=product&#038;p=9580"},"modified":"2024-09-27T11:44:26","modified_gmt":"2024-09-27T14:44:26","slug":"ziper-vislon-plastico-por-metro","status":"publish","type":"product","link":"https:\/\/www.avmbianco.com.br\/site\/produto\/ziper-vislon-plastico-por-metro\/","title":{"rendered":"Z\u00edper Vislon Pl\u00e1stico Por Metro"},"content":{"rendered":"","protected":false},"excerpt":{"rendered":"<p>Z\u00edper vislon tratorado #3 Vendido por Metro<br \/>\nO z\u00edper possui 30 mm\u00a0 de largura total e cada unidade vendida no site representa 1 metro.\u00a0Ao selecionar mais de uma unidade, a metragem escolhida ser\u00e1 enviada de maneira cont\u00ednua, sem cortes.<br \/>\nCursor n\u00e3o acompanha o produto. Vendido separadamente.<\/p>\n<p>Ziper vislon plastico de alta resist\u00eancia,utilizado para confec\u00e7\u00f5es de bolsas, mochilas, necesseries, entre outros.<\/p>\n<p><strong>**Consulte Valores no Atacado**<\/strong><\/p>\n","protected":false},"featured_media":9565,"comment_status":"open","ping_status":"closed","template":"","meta":[],"product_brand":[],"product_cat":[882,577],"product_tag":[],"class_list":{"0":"post-9580","1":"product","2":"type-product","3":"status-publish","4":"has-post-thumbnail","6":"product_cat-plastico","7":"product_cat-ziper","9":"first","10":"instock","11":"taxable","12":"shipping-taxable","13":"purchasable","14":"product-type-variable"},"_links":{"self":[{"href":"https:\/\/www.avmbianco.com.br\/site\/wp-json\/wp\/v2\/product\/9580","targetHints":{"allow":["GET"]}}],"collection":[{"href":"https:\/\/www.avmbianco.com.br\/site\/wp-json\/wp\/v2\/product"}],"about":[{"href":"https:\/\/www.avmbianco.com.br\/site\/wp-json\/wp\/v2\/types\/product"}],"replies":[{"embeddable":true,"href":"https:\/\/www.avmbianco.com.br\/site\/wp-json\/wp\/v2\/comments?post=9580"}],"wp:featuredmedia":[{"embeddable":true,"href":"https:\/\/www.avmbianco.com.br\/site\/wp-json\/wp\/v2\/media\/9565"}],"wp:attachment":[{"href":"https:\/\/www.avmbianco.com.br\/site\/wp-json\/wp\/v2\/media?parent=9580"}],"wp:term":[{"taxonomy":"product_brand","embeddable":true,"href":"https:\/\/www.avmbianco.com.br\/site\/wp-json\/wp\/v2\/product_brand?post=9580"},{"taxonomy":"product_cat","embeddable":true,"href":"https:\/\/www.avmbianco.com.br\/site\/wp-json\/wp\/v2\/product_cat?post=9580"},{"taxonomy":"product_tag","embeddable":true,"href":"https:\/\/www.avmbianco.com.br\/site\/wp-json\/wp\/v2\/product_tag?post=9580"}],"curies":[{"name":"wp","href":"https:\/\/api.w.org\/{rel}","templated":true}]}}