{"id":9621,"date":"2019-07-11T16:10:01","date_gmt":"2019-07-11T19:10:01","guid":{"rendered":"https:\/\/www.avmbianco.com.br\/site\/?post_type=product&#038;p=9621"},"modified":"2025-05-06T15:02:54","modified_gmt":"2025-05-06T18:02:54","slug":"cursor-para-ziper-no5-dc","status":"publish","type":"product","link":"https:\/\/www.avmbianco.com.br\/site\/produto\/cursor-para-ziper-no5-dc\/","title":{"rendered":"Cursor Para Z\u00edper n\u00ba5 DC"},"content":{"rendered":"","protected":false},"excerpt":{"rendered":"<p>Cursor com trava autom\u00e1tica\u00a0niquelado para z\u00edper grande. Este tipo de cursor trava e destrava automaticamente conforme o puxador \u00e9 acionado. \u00c9 normalmente usado em jaquetas, blusas, vestidos, cal\u00e7as e cal\u00e7ados. Ideal para usar com os\u00a0z\u00edperes n\u00famero 5.<\/p>\n<p>Este modelo permite colocar\u00a0pingente\u00a0(puxador) no cursor, gra\u00e7as ao seu gancho, que \u00e9 ideal para prend\u00ea-los.<\/p>\n","protected":false},"featured_media":9600,"comment_status":"open","ping_status":"closed","template":"","meta":[],"product_brand":[],"product_cat":[895],"product_tag":[],"class_list":{"0":"post-9621","1":"product","2":"type-product","3":"status-publish","4":"has-post-thumbnail","6":"product_cat-cursor","8":"first","9":"outofstock","10":"taxable","11":"shipping-taxable","12":"purchasable","13":"product-type-simple"},"_links":{"self":[{"href":"https:\/\/www.avmbianco.com.br\/site\/wp-json\/wp\/v2\/product\/9621","targetHints":{"allow":["GET"]}}],"collection":[{"href":"https:\/\/www.avmbianco.com.br\/site\/wp-json\/wp\/v2\/product"}],"about":[{"href":"https:\/\/www.avmbianco.com.br\/site\/wp-json\/wp\/v2\/types\/product"}],"replies":[{"embeddable":true,"href":"https:\/\/www.avmbianco.com.br\/site\/wp-json\/wp\/v2\/comments?post=9621"}],"wp:featuredmedia":[{"embeddable":true,"href":"https:\/\/www.avmbianco.com.br\/site\/wp-json\/wp\/v2\/media\/9600"}],"wp:attachment":[{"href":"https:\/\/www.avmbianco.com.br\/site\/wp-json\/wp\/v2\/media?parent=9621"}],"wp:term":[{"taxonomy":"product_brand","embeddable":true,"href":"https:\/\/www.avmbianco.com.br\/site\/wp-json\/wp\/v2\/product_brand?post=9621"},{"taxonomy":"product_cat","embeddable":true,"href":"https:\/\/www.avmbianco.com.br\/site\/wp-json\/wp\/v2\/product_cat?post=9621"},{"taxonomy":"product_tag","embeddable":true,"href":"https:\/\/www.avmbianco.com.br\/site\/wp-json\/wp\/v2\/product_tag?post=9621"}],"curies":[{"name":"wp","href":"https:\/\/api.w.org\/{rel}","templated":true}]}}