{"id":9648,"date":"2019-07-12T11:56:36","date_gmt":"2019-07-12T14:56:36","guid":{"rendered":"https:\/\/www.avmbianco.com.br\/site\/?post_type=product&#038;p=9648"},"modified":"2025-05-06T14:57:46","modified_gmt":"2025-05-06T17:57:46","slug":"cursor-para-ziper-metal-grosso-no10","status":"publish","type":"product","link":"https:\/\/www.avmbianco.com.br\/site\/produto\/cursor-para-ziper-metal-grosso-no10\/","title":{"rendered":"Cursor Para Z\u00edper Metal ExtraGrosso n\u00ba10"},"content":{"rendered":"","protected":false},"excerpt":{"rendered":"<p>Cursor para z\u00edper metal niquelado extragrosso n\u00ba10 ele tem 4cm de comprimento e 15mm de largura.<\/p>\n<p>Cursor autom\u00e1tico para z\u00edper de metal extragrosso. \u00c9 normalmente usado em jaquetas, blusas, vestidos, cal\u00e7as e cal\u00e7ados. Usar somente em z\u00edperes de metal 10 extragrosso.<\/p>\n<p style=\"text-align: center;\"><strong>**Consulte Pre\u00e7o no Atacado**<\/strong><\/p>\n","protected":false},"featured_media":9591,"comment_status":"open","ping_status":"closed","template":"","meta":[],"product_brand":[],"product_cat":[895],"product_tag":[],"class_list":{"0":"post-9648","1":"product","2":"type-product","3":"status-publish","4":"has-post-thumbnail","6":"product_cat-cursor","8":"first","9":"outofstock","10":"taxable","11":"shipping-taxable","12":"purchasable","13":"product-type-simple"},"_links":{"self":[{"href":"https:\/\/www.avmbianco.com.br\/site\/wp-json\/wp\/v2\/product\/9648","targetHints":{"allow":["GET"]}}],"collection":[{"href":"https:\/\/www.avmbianco.com.br\/site\/wp-json\/wp\/v2\/product"}],"about":[{"href":"https:\/\/www.avmbianco.com.br\/site\/wp-json\/wp\/v2\/types\/product"}],"replies":[{"embeddable":true,"href":"https:\/\/www.avmbianco.com.br\/site\/wp-json\/wp\/v2\/comments?post=9648"}],"wp:featuredmedia":[{"embeddable":true,"href":"https:\/\/www.avmbianco.com.br\/site\/wp-json\/wp\/v2\/media\/9591"}],"wp:attachment":[{"href":"https:\/\/www.avmbianco.com.br\/site\/wp-json\/wp\/v2\/media?parent=9648"}],"wp:term":[{"taxonomy":"product_brand","embeddable":true,"href":"https:\/\/www.avmbianco.com.br\/site\/wp-json\/wp\/v2\/product_brand?post=9648"},{"taxonomy":"product_cat","embeddable":true,"href":"https:\/\/www.avmbianco.com.br\/site\/wp-json\/wp\/v2\/product_cat?post=9648"},{"taxonomy":"product_tag","embeddable":true,"href":"https:\/\/www.avmbianco.com.br\/site\/wp-json\/wp\/v2\/product_tag?post=9648"}],"curies":[{"name":"wp","href":"https:\/\/api.w.org\/{rel}","templated":true}]}}