{"id":9651,"date":"2019-07-12T12:47:10","date_gmt":"2019-07-12T15:47:10","guid":{"rendered":"https:\/\/www.avmbianco.com.br\/site\/?post_type=product&#038;p=9651"},"modified":"2025-05-06T14:53:25","modified_gmt":"2025-05-06T17:53:25","slug":"cursor-para-ziper-nylon-grosso-no5","status":"publish","type":"product","link":"https:\/\/www.avmbianco.com.br\/site\/produto\/cursor-para-ziper-nylon-grosso-no5\/","title":{"rendered":"Cursor Para Z\u00edper Nylon Grosso n\u00ba5"},"content":{"rendered":"","protected":false},"excerpt":{"rendered":"<p>Cursor para z\u00edper de nylon grosso n\u00ba5 .Ideal para jaquetas,cal\u00e7as,cal\u00e7ados,bolsas e etc. Usar somente em z\u00edperes de nylon 05 grosso.<\/p>\n<p style=\"text-align: center;\"><strong>**Consulte Pre\u00e7o no Atacado**<\/strong><\/p>\n","protected":false},"featured_media":9615,"comment_status":"open","ping_status":"closed","template":"","meta":[],"product_brand":[],"product_cat":[895],"product_tag":[],"class_list":{"0":"post-9651","1":"product","2":"type-product","3":"status-publish","4":"has-post-thumbnail","6":"product_cat-cursor","8":"first","9":"outofstock","10":"taxable","11":"shipping-taxable","12":"purchasable","13":"product-type-simple"},"_links":{"self":[{"href":"https:\/\/www.avmbianco.com.br\/site\/wp-json\/wp\/v2\/product\/9651","targetHints":{"allow":["GET"]}}],"collection":[{"href":"https:\/\/www.avmbianco.com.br\/site\/wp-json\/wp\/v2\/product"}],"about":[{"href":"https:\/\/www.avmbianco.com.br\/site\/wp-json\/wp\/v2\/types\/product"}],"replies":[{"embeddable":true,"href":"https:\/\/www.avmbianco.com.br\/site\/wp-json\/wp\/v2\/comments?post=9651"}],"wp:featuredmedia":[{"embeddable":true,"href":"https:\/\/www.avmbianco.com.br\/site\/wp-json\/wp\/v2\/media\/9615"}],"wp:attachment":[{"href":"https:\/\/www.avmbianco.com.br\/site\/wp-json\/wp\/v2\/media?parent=9651"}],"wp:term":[{"taxonomy":"product_brand","embeddable":true,"href":"https:\/\/www.avmbianco.com.br\/site\/wp-json\/wp\/v2\/product_brand?post=9651"},{"taxonomy":"product_cat","embeddable":true,"href":"https:\/\/www.avmbianco.com.br\/site\/wp-json\/wp\/v2\/product_cat?post=9651"},{"taxonomy":"product_tag","embeddable":true,"href":"https:\/\/www.avmbianco.com.br\/site\/wp-json\/wp\/v2\/product_tag?post=9651"}],"curies":[{"name":"wp","href":"https:\/\/api.w.org\/{rel}","templated":true}]}}