{"id":9776,"date":"2019-07-16T12:36:25","date_gmt":"2019-07-16T15:36:25","guid":{"rendered":"https:\/\/www.avmbianco.com.br\/site\/?post_type=product&#038;p=9776"},"modified":"2025-05-08T10:23:26","modified_gmt":"2025-05-08T13:23:26","slug":"kit-regua-para-costura","status":"publish","type":"product","link":"https:\/\/www.avmbianco.com.br\/site\/produto\/kit-regua-para-costura\/","title":{"rendered":"Kit R\u00e9gua Para Costura"},"content":{"rendered":"","protected":false},"excerpt":{"rendered":"<p>Produto: R\u00e9gua para Modelagem e Costura Kit com 3 Pe\u00e7as<\/p>\n<p>Kit 3 pe\u00e7as contendo:<\/p>\n<p>1 esquadro 50cm com \u00e2ngulo de 20\u00b0.<\/p>\n<p>1 curva pequena.<\/p>\n<p>1 curva grande para quadril.<\/p>\n<p>Para artesanato, patchwork costuras<\/p>\n","protected":false},"featured_media":9777,"comment_status":"open","ping_status":"closed","template":"","meta":[],"product_brand":[],"product_cat":[65],"product_tag":[],"class_list":{"0":"post-9776","1":"product","2":"type-product","3":"status-publish","4":"has-post-thumbnail","6":"product_cat-acessorio-regua","8":"first","9":"instock","10":"taxable","11":"shipping-taxable","12":"purchasable","13":"product-type-simple"},"_links":{"self":[{"href":"https:\/\/www.avmbianco.com.br\/site\/wp-json\/wp\/v2\/product\/9776","targetHints":{"allow":["GET"]}}],"collection":[{"href":"https:\/\/www.avmbianco.com.br\/site\/wp-json\/wp\/v2\/product"}],"about":[{"href":"https:\/\/www.avmbianco.com.br\/site\/wp-json\/wp\/v2\/types\/product"}],"replies":[{"embeddable":true,"href":"https:\/\/www.avmbianco.com.br\/site\/wp-json\/wp\/v2\/comments?post=9776"}],"wp:featuredmedia":[{"embeddable":true,"href":"https:\/\/www.avmbianco.com.br\/site\/wp-json\/wp\/v2\/media\/9777"}],"wp:attachment":[{"href":"https:\/\/www.avmbianco.com.br\/site\/wp-json\/wp\/v2\/media?parent=9776"}],"wp:term":[{"taxonomy":"product_brand","embeddable":true,"href":"https:\/\/www.avmbianco.com.br\/site\/wp-json\/wp\/v2\/product_brand?post=9776"},{"taxonomy":"product_cat","embeddable":true,"href":"https:\/\/www.avmbianco.com.br\/site\/wp-json\/wp\/v2\/product_cat?post=9776"},{"taxonomy":"product_tag","embeddable":true,"href":"https:\/\/www.avmbianco.com.br\/site\/wp-json\/wp\/v2\/product_tag?post=9776"}],"curies":[{"name":"wp","href":"https:\/\/api.w.org\/{rel}","templated":true}]}}