{"id":9981,"date":"2019-07-19T11:28:03","date_gmt":"2019-07-19T14:28:03","guid":{"rendered":"https:\/\/www.avmbianco.com.br\/site\/?post_type=product&#038;p=9981"},"modified":"2025-05-08T12:05:41","modified_gmt":"2025-05-08T15:05:41","slug":"fecho-de-engate-rapido-25-mm-p-mochila-bolsa","status":"publish","type":"product","link":"https:\/\/www.avmbianco.com.br\/site\/produto\/fecho-de-engate-rapido-25-mm-p-mochila-bolsa\/","title":{"rendered":"Fecho De Engate R\u00e1pido 25mm P\/ Mochila Bolsa"},"content":{"rendered":"","protected":false},"excerpt":{"rendered":"<p>REF:2025<\/p>\n<p>Fecho de engate r\u00e1pido de pl\u00e1stico 25 mm tradicional para Bolsas e Mochilas<\/p>\n<p>Para utilizar em al\u00e7as com 25 cm de largura.<\/p>\n<p>Utilizado em Bolsas, Mochilas, Coletes, Barracas, coletes etc<br \/>\nOs fechos de 25 mm de engate r\u00e1pido s\u00e3o produzidos com pl\u00e1stico polipropileno e possuem um espa\u00e7o para passar uma al\u00e7a de 25 mm (2,5 cm)<\/p>\n<p><strong>**Consulte Tamanho Dispon\u00edvel**<\/strong><\/p>\n<p style=\"text-align: center;\"><strong>**Consulte Pre\u00e7o no Atacado**<\/strong><\/p>\n","protected":false},"featured_media":15701,"comment_status":"open","ping_status":"closed","template":"","meta":[],"product_brand":[],"product_cat":[920],"product_tag":[],"class_list":{"0":"post-9981","1":"product","2":"type-product","3":"status-publish","4":"has-post-thumbnail","6":"product_cat-fecho-de-mochila","8":"first","9":"instock","10":"taxable","11":"shipping-taxable","12":"purchasable","13":"product-type-variable"},"_links":{"self":[{"href":"https:\/\/www.avmbianco.com.br\/site\/wp-json\/wp\/v2\/product\/9981","targetHints":{"allow":["GET"]}}],"collection":[{"href":"https:\/\/www.avmbianco.com.br\/site\/wp-json\/wp\/v2\/product"}],"about":[{"href":"https:\/\/www.avmbianco.com.br\/site\/wp-json\/wp\/v2\/types\/product"}],"replies":[{"embeddable":true,"href":"https:\/\/www.avmbianco.com.br\/site\/wp-json\/wp\/v2\/comments?post=9981"}],"wp:featuredmedia":[{"embeddable":true,"href":"https:\/\/www.avmbianco.com.br\/site\/wp-json\/wp\/v2\/media\/15701"}],"wp:attachment":[{"href":"https:\/\/www.avmbianco.com.br\/site\/wp-json\/wp\/v2\/media?parent=9981"}],"wp:term":[{"taxonomy":"product_brand","embeddable":true,"href":"https:\/\/www.avmbianco.com.br\/site\/wp-json\/wp\/v2\/product_brand?post=9981"},{"taxonomy":"product_cat","embeddable":true,"href":"https:\/\/www.avmbianco.com.br\/site\/wp-json\/wp\/v2\/product_cat?post=9981"},{"taxonomy":"product_tag","embeddable":true,"href":"https:\/\/www.avmbianco.com.br\/site\/wp-json\/wp\/v2\/product_tag?post=9981"}],"curies":[{"name":"wp","href":"https:\/\/api.w.org\/{rel}","templated":true}]}}